{"id":668,"date":"2018-05-16T11:54:11","date_gmt":"2018-05-16T11:54:11","guid":{"rendered":"http:\/\/wp01.easyonweb.be\/shop\/"},"modified":"2018-05-16T14:59:51","modified_gmt":"2018-05-16T14:59:51","slug":"shop","status":"publish","type":"page","link":"https:\/\/stefvintagestore.com\/en\/shop\/","title":{"rendered":"Online Store"},"content":{"rendered":"","protected":false},"excerpt":{"rendered":"","protected":false},"author":1,"featured_media":0,"parent":0,"menu_order":0,"comment_status":"closed","ping_status":"closed","template":"","meta":{"_et_pb_use_builder":"","_et_pb_old_content":"","_et_gb_content_width":""},"yst_prominent_words":[],"yoast_head":"<!-- This site is optimized with the Yoast SEO Premium plugin v14.0.4 - https:\/\/yoast.com\/wordpress\/plugins\/seo\/ -->\n<title>Boutique en ligne | D\u00e9corations vintage | StefVintageStore<\/title>\n<meta name=\"description\" content=\"Boutique en ligne | Bienvenue sur ma boutique en ligne d&#039;objets vintage : D\u00e9coration lumineuse, Distribiteur &amp; Frigo, Mobilier vintage, Panneaux routiers USA, Pi\u00e8ces de voitures, Plaque \u00e9maill\u00e9e, Pompe \u00e0 essence, Statues en r\u00e9sine ...\" \/>\n<meta name=\"robots\" content=\"index, follow\" \/>\n<meta name=\"googlebot\" content=\"index, follow, max-snippet:-1, max-image-preview:large, max-video-preview:-1\" \/>\n<meta name=\"bingbot\" content=\"index, follow, max-snippet:-1, max-image-preview:large, max-video-preview:-1\" \/>\n<link rel=\"canonical\" href=\"https:\/\/stefvintagestore.com\/en\/shop\/\" \/>\n<meta property=\"og:locale\" content=\"en_US\" \/>\n<meta property=\"og:type\" content=\"article\" \/>\n<meta property=\"og:title\" content=\"Boutique en ligne | D\u00e9corations vintage | StefVintageStore\" \/>\n<meta property=\"og:description\" content=\"Boutique en ligne | Bienvenue sur ma boutique en ligne d&#039;objets vintage : D\u00e9coration lumineuse, Distribiteur &amp; Frigo, Mobilier vintage, Panneaux routiers USA, Pi\u00e8ces de voitures, Plaque \u00e9maill\u00e9e, Pompe \u00e0 essence, Statues en r\u00e9sine ...\" \/>\n<meta property=\"og:url\" content=\"https:\/\/stefvintagestore.com\/en\/shop\/\" \/>\n<meta property=\"og:site_name\" content=\"StefVintageStore\" \/>\n<meta property=\"article:modified_time\" content=\"2018-05-16T14:59:51+00:00\" \/>\n<meta name=\"twitter:card\" content=\"summary_large_image\" \/>\n<script type=\"application\/ld+json\" class=\"yoast-schema-graph\">{\"@context\":\"https:\/\/schema.org\",\"@graph\":[{\"@type\":\"WebSite\",\"@id\":\"https:\/\/stefvintagestore.com\/en\/#website\",\"url\":\"https:\/\/stefvintagestore.com\/en\/\",\"name\":\"Stef Vintage Store\",\"description\":\"Votre magasin de d\\u00e9coration vintage en ligne\",\"potentialAction\":[{\"@type\":\"SearchAction\",\"target\":\"https:\/\/stefvintagestore.com\/en\/?s={search_term_string}\",\"query-input\":\"required name=search_term_string\"}],\"inLanguage\":\"en-US\"},{\"@type\":\"WebPage\",\"@id\":\"https:\/\/stefvintagestore.com\/en\/shop\/#webpage\",\"url\":\"https:\/\/stefvintagestore.com\/en\/shop\/\",\"name\":\"Boutique en ligne | D\\u00e9corations vintage | StefVintageStore\",\"isPartOf\":{\"@id\":\"https:\/\/stefvintagestore.com\/en\/#website\"},\"datePublished\":\"2018-05-16T11:54:11+00:00\",\"dateModified\":\"2018-05-16T14:59:51+00:00\",\"description\":\"Boutique en ligne | Bienvenue sur ma boutique en ligne d'objets vintage : D\\u00e9coration lumineuse, Distribiteur & Frigo, Mobilier vintage, Panneaux routiers USA, Pi\\u00e8ces de voitures, Plaque \\u00e9maill\\u00e9e, Pompe \\u00e0 essence, Statues en r\\u00e9sine ...\",\"inLanguage\":\"en-US\",\"potentialAction\":[{\"@type\":\"ReadAction\",\"target\":[\"https:\/\/stefvintagestore.com\/en\/shop\/\"]}]}]}<\/script>\n<!-- \/ Yoast SEO Premium plugin. -->","_links":{"self":[{"href":"https:\/\/stefvintagestore.com\/en\/wp-json\/wp\/v2\/pages\/668"}],"collection":[{"href":"https:\/\/stefvintagestore.com\/en\/wp-json\/wp\/v2\/pages"}],"about":[{"href":"https:\/\/stefvintagestore.com\/en\/wp-json\/wp\/v2\/types\/page"}],"author":[{"embeddable":true,"href":"https:\/\/stefvintagestore.com\/en\/wp-json\/wp\/v2\/users\/1"}],"replies":[{"embeddable":true,"href":"https:\/\/stefvintagestore.com\/en\/wp-json\/wp\/v2\/comments?post=668"}],"version-history":[{"count":2,"href":"https:\/\/stefvintagestore.com\/en\/wp-json\/wp\/v2\/pages\/668\/revisions"}],"predecessor-version":[{"id":997,"href":"https:\/\/stefvintagestore.com\/en\/wp-json\/wp\/v2\/pages\/668\/revisions\/997"}],"wp:attachment":[{"href":"https:\/\/stefvintagestore.com\/en\/wp-json\/wp\/v2\/media?parent=668"}],"wp:term":[{"taxonomy":"yst_prominent_words","embeddable":true,"href":"https:\/\/stefvintagestore.com\/en\/wp-json\/wp\/v2\/yst_prominent_words?post=668"}],"curies":[{"name":"wp","href":"https:\/\/api.w.org\/{rel}","templated":true}]}}