{"id":671,"date":"2018-05-16T11:54:11","date_gmt":"2018-05-16T11:54:11","guid":{"rendered":"http:\/\/wp01.easyonweb.be\/my-account\/"},"modified":"2018-05-16T11:54:11","modified_gmt":"2018-05-16T11:54:11","slug":"my-account","status":"publish","type":"page","link":"https:\/\/stefvintagestore.com\/en\/my-account\/","title":{"rendered":"My Account"},"content":{"rendered":"<p>[et_pb_section fb_built=&#8221;1&#8243; _builder_version=&#8221;3.2.2&#8243;][et_pb_row _builder_version=&#8221;3.2.2&#8243;][et_pb_column type=&#8221;4_4&#8243; _builder_version=&#8221;3.2.2&#8243; parallax=&#8221;off&#8221; parallax_method=&#8221;on&#8221;][et_pb_text _builder_version=&#8221;3.2.2&#8243;]<\/p>\n<h1 style=\"text-align: center;\">&#x2666;&#x2666;&#x2666;Mon compte&#x2666;&#x2666;&#x2666;<\/h1>\n<p>[\/et_pb_text][et_pb_text _builder_version=&#8221;3.2.2&#8243; text_font=&#8221;Roboto||||||||&#8221; text_text_color=&#8221;#303030&#8243; text_font_size=&#8221;18px&#8221; text_line_height=&#8221;1.9em&#8221; header_font=&#8221;||||||||&#8221; header_2_font=&#8221;||||||||&#8221; header_2_text_shadow_style=&#8221;preset5&#8243; header_2_text_shadow_color=&#8221;#ffffff&#8221; background_color=&#8221;rgba(255,255,255,0.8)&#8221; border_radii=&#8221;on|45px|45px|45px|45px&#8221; border_width_all=&#8221;4px&#8221; border_color_all=&#8221;#ce342b&#8221; text_orientation=&#8221;center&#8221; max_width_last_edited=&#8221;on|desktop&#8221; module_alignment=&#8221;center&#8221; custom_padding=&#8221;45px|15px|45px|15px|true|true&#8221;]<div class=\"woocommerce\"><\/div>[\/et_pb_text][\/et_pb_column][\/et_pb_row][\/et_pb_section][et_pb_section fb_built=&#8221;1&#8243; prev_background_color=&#8221;#ffffff&#8221; next_background_color=&#8221;#cccccc&#8221; _builder_version=&#8221;3.2.2&#8243; background_color=&#8221;#ce342b&#8221; custom_padding=&#8221;0|0px|45px|0px|false|false&#8221; top_divider_style=&#8221;arrow2&#8243; top_divider_height=&#8221;50px&#8221; bottom_divider_style=&#8221;arrow2&#8243; bottom_divider_height=&#8221;50px&#8221;][et_pb_row custom_padding=&#8221;0|0px|0|0px|false|false&#8221; _builder_version=&#8221;3.2.2&#8243;][et_pb_column type=&#8221;4_4&#8243; _builder_version=&#8221;3.0.47&#8243; parallax=&#8221;off&#8221; parallax_method=&#8221;on&#8221;][et_pb_text _builder_version=&#8221;3.2.2&#8243;][\/et_pb_text][\/et_pb_column][\/et_pb_row][\/et_pb_section][et_pb_section fb_built=&#8221;1&#8243; _builder_version=&#8221;3.2.2&#8243; background_color=&#8221;#cccccc&#8221; custom_padding=&#8221;23px|0px|0|0px|false|false&#8221; top_divider_arrangement=&#8221;above_content&#8221;][et_pb_row _builder_version=&#8221;3.2.2&#8243;][et_pb_column type=&#8221;1_4&#8243; _builder_version=&#8221;3.0.47&#8243; parallax=&#8221;off&#8221; parallax_method=&#8221;on&#8221;][et_pb_blurb title=&#8221;Livraison offerte&#8221; use_icon=&#8221;on&#8221; font_icon=&#8221;%%235%%&#8221; icon_color=&#8221;#303030&#8243; icon_placement=&#8221;left&#8221; _builder_version=&#8221;3.2.2&#8243;] \u00e0 partir de 75 euro sauf si mentionner retrait en magasin [\/et_pb_blurb][\/et_pb_column][et_pb_column type=&#8221;1_2&#8243; _builder_version=&#8221;3.0.47&#8243; parallax=&#8221;off&#8221; parallax_method=&#8221;on&#8221;][et_pb_blurb title=&#8221;La garantie prix Stef Vintage Store&#8221; use_icon=&#8221;on&#8221; font_icon=&#8221;%%240%%&#8221; icon_color=&#8221;#303030&#8243; icon_placement=&#8221;left&#8221; _builder_version=&#8221;3.2.2&#8243;] Vous avez trouv\u00e9 un meilleur prix avant votre achat ? Faites-le nous savoir et nous nous alignerons sur ce prix. Jusqu\u2019\u00e0 48h apr\u00e8s votre achat, nous vous rembourserons la diff\u00e9rence si vous trouvez moins cher ailleurs. [\/et_pb_blurb][\/et_pb_column][et_pb_column type=&#8221;1_4&#8243; _builder_version=&#8221;3.0.47&#8243; parallax=&#8221;off&#8221; parallax_method=&#8221;on&#8221;][et_pb_blurb title=&#8221;Magasin&#8221; use_icon=&#8221;on&#8221; font_icon=&#8221;%%249%%&#8221; icon_color=&#8221;#303030&#8243; icon_placement=&#8221;left&#8221; _builder_version=&#8221;3.2.2&#8243;] Stef Vintage Store<br \/>\n26, Avenue de l&#8217;\u00e9nergie<br \/>\n4432 Alleur [\/et_pb_blurb][\/et_pb_column][\/et_pb_row][\/et_pb_section][et_pb_section fb_built=&#8221;1&#8243; prev_background_color=&#8221;#cccccc&#8221; next_background_color=&#8221;#ffffff&#8221; _builder_version=&#8221;3.2.2&#8243; background_color=&#8221;#ce342b&#8221; custom_padding=&#8221;0|0px|45px|0px|false|false&#8221; top_divider_style=&#8221;arrow2&#8243; top_divider_height=&#8221;50px&#8221; bottom_divider_style=&#8221;arrow2&#8243; bottom_divider_height=&#8221;50px&#8221;][et_pb_row custom_padding=&#8221;0|0px|0|0px|false|false&#8221; _builder_version=&#8221;3.2.2&#8243;][et_pb_column type=&#8221;4_4&#8243; _builder_version=&#8221;3.0.47&#8243; parallax=&#8221;off&#8221; parallax_method=&#8221;on&#8221;][et_pb_text _builder_version=&#8221;3.2.2&#8243;][\/et_pb_text][\/et_pb_column][\/et_pb_row][\/et_pb_section][et_pb_section fb_built=&#8221;1&#8243; _builder_version=&#8221;3.2.2&#8243; custom_padding=&#8221;30px|0px|0|0px|false|false&#8221;][et_pb_row custom_padding=&#8221;27px|0px|0|0px|false|false&#8221; _builder_version=&#8221;3.2.2&#8243;][et_pb_column type=&#8221;4_4&#8243; _builder_version=&#8221;3.0.47&#8243; parallax=&#8221;off&#8221; parallax_method=&#8221;on&#8221;][et_pb_text _builder_version=&#8221;3.2.2&#8243; text_font=&#8221;||||||||&#8221; text_text_color=&#8221;#ce342b&#8221; header_font=&#8221;||||||||&#8221; header_text_color=&#8221;#ce342b&#8221; header_3_font=&#8221;|300|||||||&#8221; header_3_text_color=&#8221;#ce342b&#8221; header_3_font_size=&#8221;36px&#8221; header_3_text_shadow_style=&#8221;preset5&#8243; header_3_text_shadow_horizontal_length=&#8221;0.04em&#8221; header_3_text_shadow_vertical_length=&#8221;0.04em&#8221; header_3_text_shadow_color=&#8221;#991313&#8243;]<\/p>\n<h3 style=\"text-align: center;\">Ce qu&#8217;en disent mes\u00a0clients<\/h3>\n<p>[\/et_pb_text][\/et_pb_column][\/et_pb_row][\/et_pb_section][et_pb_section fb_built=&#8221;1&#8243; fullwidth=&#8221;on&#8221; _builder_version=&#8221;3.2.2&#8243; custom_padding=&#8221;0|0px|0|0px|false|false&#8221;][et_pb_fullwidth_slider _builder_version=&#8221;3.2.2&#8243; custom_margin=&#8221;|||&#8221; custom_padding=&#8221;50px||50px||true&#8221; auto=&#8221;on&#8221; auto_speed=&#8221;4000&#8243; auto_ignore_hover=&#8221;on&#8221;][et_pb_slide _builder_version=&#8221;3.2.2&#8243; body_font=&#8221;||||||||&#8221; body_text_color=&#8221;#303030&#8243; body_font_size=&#8221;26px&#8221; background_color=&#8221;#ffffff&#8221;]<em>\u201cGreat quality! Fast delivery, friendly customer service and a personal message with my order. Highly recommended!\u201d<\/em><br \/>\n[\/et_pb_slide][et_pb_slide _builder_version=&#8221;3.2.2&#8243; body_font=&#8221;||||||||&#8221; body_text_color=&#8221;#303030&#8243; body_font_size=&#8221;26px&#8221; background_color=&#8221;#ffffff&#8221;]\u201cReally appreciate the little personal note with my order.\u201d<br \/>\n[\/et_pb_slide][et_pb_slide _builder_version=&#8221;3.2.2&#8243; body_font=&#8221;||||||||&#8221; body_text_color=&#8221;#303030&#8243; body_font_size=&#8221;26px&#8221; background_color=&#8221;#ffffff&#8221;]\u201cCustomer-friendly and really quick shipping!\u201d<br \/>\n[\/et_pb_slide][\/et_pb_fullwidth_slider][\/et_pb_section]<\/p>\n","protected":false},"excerpt":{"rendered":"<p>[et_pb_section fb_built=&#8221;1&#8243; _builder_version=&#8221;3.2.2&#8243;][et_pb_row _builder_version=&#8221;3.2.2&#8243;][et_pb_column type=&#8221;4_4&#8243; _builder_version=&#8221;3.2.2&#8243; parallax=&#8221;off&#8221; parallax_method=&#8221;on&#8221;][et_pb_text _builder_version=&#8221;3.2.2&#8243;] &#x2666;&#x2666;&#x2666;Mon compte&#x2666;&#x2666;&#x2666; [\/et_pb_text][et_pb_text _builder_version=&#8221;3.2.2&#8243; text_font=&#8221;Roboto||||||||&#8221; text_text_color=&#8221;#303030&#8243; text_font_size=&#8221;18px&#8221; text_line_height=&#8221;1.9em&#8221; header_font=&#8221;||||||||&#8221; header_2_font=&#8221;||||||||&#8221; header_2_text_shadow_style=&#8221;preset5&#8243; header_2_text_shadow_color=&#8221;#ffffff&#8221; background_color=&#8221;rgba(255,255,255,0.8)&#8221; border_radii=&#8221;on|45px|45px|45px|45px&#8221; border_width_all=&#8221;4px&#8221; border_color_all=&#8221;#ce342b&#8221; text_orientation=&#8221;center&#8221; max_width_last_edited=&#8221;on|desktop&#8221; module_alignment=&#8221;center&#8221; custom_padding=&#8221;45px|15px|45px|15px|true|true&#8221;][\/et_pb_text][\/et_pb_column][\/et_pb_row][\/et_pb_section][et_pb_section fb_built=&#8221;1&#8243; prev_background_color=&#8221;#ffffff&#8221; next_background_color=&#8221;#cccccc&#8221; _builder_version=&#8221;3.2.2&#8243; background_color=&#8221;#ce342b&#8221; custom_padding=&#8221;0|0px|45px|0px|false|false&#8221; top_divider_style=&#8221;arrow2&#8243; top_divider_height=&#8221;50px&#8221; bottom_divider_style=&#8221;arrow2&#8243; bottom_divider_height=&#8221;50px&#8221;][et_pb_row custom_padding=&#8221;0|0px|0|0px|false|false&#8221; _builder_version=&#8221;3.2.2&#8243;][et_pb_column type=&#8221;4_4&#8243; _builder_version=&#8221;3.0.47&#8243; parallax=&#8221;off&#8221; parallax_method=&#8221;on&#8221;][et_pb_text _builder_version=&#8221;3.2.2&#8243;][\/et_pb_text][\/et_pb_column][\/et_pb_row][\/et_pb_section][et_pb_section fb_built=&#8221;1&#8243; _builder_version=&#8221;3.2.2&#8243; background_color=&#8221;#cccccc&#8221; custom_padding=&#8221;23px|0px|0|0px|false|false&#8221; top_divider_arrangement=&#8221;above_content&#8221;][et_pb_row _builder_version=&#8221;3.2.2&#8243;][et_pb_column type=&#8221;1_4&#8243; _builder_version=&#8221;3.0.47&#8243; parallax=&#8221;off&#8221; [&hellip;]<\/p>\n","protected":false},"author":1,"featured_media":0,"parent":0,"menu_order":0,"comment_status":"closed","ping_status":"closed","template":"","meta":{"_et_pb_use_builder":"on","_et_pb_old_content":"","_et_gb_content_width":""},"yst_prominent_words":[],"yoast_head":"<!-- This site is optimized with the Yoast SEO Premium plugin v14.0.4 - https:\/\/yoast.com\/wordpress\/plugins\/seo\/ -->\n<title>My Account - StefVintageStore<\/title>\n<meta name=\"robots\" content=\"index, follow\" \/>\n<meta name=\"googlebot\" content=\"index, follow, max-snippet:-1, max-image-preview:large, max-video-preview:-1\" \/>\n<meta name=\"bingbot\" content=\"index, follow, max-snippet:-1, max-image-preview:large, max-video-preview:-1\" \/>\n<link rel=\"canonical\" href=\"https:\/\/stefvintagestore.com\/en\/my-account\/\" \/>\n<meta property=\"og:locale\" content=\"en_US\" \/>\n<meta property=\"og:type\" content=\"article\" \/>\n<meta property=\"og:title\" content=\"My Account - StefVintageStore\" \/>\n<meta property=\"og:description\" content=\"[et_pb_section fb_built=&#8221;1&#8243; _builder_version=&#8221;3.2.2&#8243;][et_pb_row _builder_version=&#8221;3.2.2&#8243;][et_pb_column type=&#8221;4_4&#8243; _builder_version=&#8221;3.2.2&#8243; parallax=&#8221;off&#8221; parallax_method=&#8221;on&#8221;][et_pb_text _builder_version=&#8221;3.2.2&#8243;] &#x2666;&#x2666;&#x2666;Mon compte&#x2666;&#x2666;&#x2666; [\/et_pb_text][et_pb_text _builder_version=&#8221;3.2.2&#8243; text_font=&#8221;Roboto||||||||&#8221; text_text_color=&#8221;#303030&#8243; text_font_size=&#8221;18px&#8221; text_line_height=&#8221;1.9em&#8221; header_font=&#8221;||||||||&#8221; header_2_font=&#8221;||||||||&#8221; header_2_text_shadow_style=&#8221;preset5&#8243; header_2_text_shadow_color=&#8221;#ffffff&#8221; background_color=&#8221;rgba(255,255,255,0.8)&#8221; border_radii=&#8221;on|45px|45px|45px|45px&#8221; border_width_all=&#8221;4px&#8221; border_color_all=&#8221;#ce342b&#8221; text_orientation=&#8221;center&#8221; max_width_last_edited=&#8221;on|desktop&#8221; module_alignment=&#8221;center&#8221; custom_padding=&#8221;45px|15px|45px|15px|true|true&#8221;][\/et_pb_text][\/et_pb_column][\/et_pb_row][\/et_pb_section][et_pb_section fb_built=&#8221;1&#8243; prev_background_color=&#8221;#ffffff&#8221; next_background_color=&#8221;#cccccc&#8221; _builder_version=&#8221;3.2.2&#8243; background_color=&#8221;#ce342b&#8221; custom_padding=&#8221;0|0px|45px|0px|false|false&#8221; top_divider_style=&#8221;arrow2&#8243; top_divider_height=&#8221;50px&#8221; bottom_divider_style=&#8221;arrow2&#8243; bottom_divider_height=&#8221;50px&#8221;][et_pb_row custom_padding=&#8221;0|0px|0|0px|false|false&#8221; _builder_version=&#8221;3.2.2&#8243;][et_pb_column type=&#8221;4_4&#8243; _builder_version=&#8221;3.0.47&#8243; parallax=&#8221;off&#8221; parallax_method=&#8221;on&#8221;][et_pb_text _builder_version=&#8221;3.2.2&#8243;][\/et_pb_text][\/et_pb_column][\/et_pb_row][\/et_pb_section][et_pb_section fb_built=&#8221;1&#8243; _builder_version=&#8221;3.2.2&#8243; background_color=&#8221;#cccccc&#8221; custom_padding=&#8221;23px|0px|0|0px|false|false&#8221; top_divider_arrangement=&#8221;above_content&#8221;][et_pb_row _builder_version=&#8221;3.2.2&#8243;][et_pb_column type=&#8221;1_4&#8243; _builder_version=&#8221;3.0.47&#8243; parallax=&#8221;off&#8221; [&hellip;]\" \/>\n<meta property=\"og:url\" content=\"https:\/\/stefvintagestore.com\/en\/my-account\/\" \/>\n<meta property=\"og:site_name\" content=\"StefVintageStore\" \/>\n<meta name=\"twitter:card\" content=\"summary_large_image\" \/>\n<script type=\"application\/ld+json\" class=\"yoast-schema-graph\">{\"@context\":\"https:\/\/schema.org\",\"@graph\":[{\"@type\":\"WebSite\",\"@id\":\"https:\/\/stefvintagestore.com\/en\/#website\",\"url\":\"https:\/\/stefvintagestore.com\/en\/\",\"name\":\"Stef Vintage Store\",\"description\":\"Votre magasin de d\\u00e9coration vintage en ligne\",\"potentialAction\":[{\"@type\":\"SearchAction\",\"target\":\"https:\/\/stefvintagestore.com\/en\/?s={search_term_string}\",\"query-input\":\"required name=search_term_string\"}],\"inLanguage\":\"en-US\"},{\"@type\":\"WebPage\",\"@id\":\"https:\/\/stefvintagestore.com\/en\/my-account\/#webpage\",\"url\":\"https:\/\/stefvintagestore.com\/en\/my-account\/\",\"name\":\"My Account - StefVintageStore\",\"isPartOf\":{\"@id\":\"https:\/\/stefvintagestore.com\/en\/#website\"},\"datePublished\":\"2018-05-16T11:54:11+00:00\",\"dateModified\":\"2018-05-16T11:54:11+00:00\",\"inLanguage\":\"en-US\",\"potentialAction\":[{\"@type\":\"ReadAction\",\"target\":[\"https:\/\/stefvintagestore.com\/en\/my-account\/\"]}]}]}<\/script>\n<!-- \/ Yoast SEO Premium plugin. -->","_links":{"self":[{"href":"https:\/\/stefvintagestore.com\/en\/wp-json\/wp\/v2\/pages\/671"}],"collection":[{"href":"https:\/\/stefvintagestore.com\/en\/wp-json\/wp\/v2\/pages"}],"about":[{"href":"https:\/\/stefvintagestore.com\/en\/wp-json\/wp\/v2\/types\/page"}],"author":[{"embeddable":true,"href":"https:\/\/stefvintagestore.com\/en\/wp-json\/wp\/v2\/users\/1"}],"replies":[{"embeddable":true,"href":"https:\/\/stefvintagestore.com\/en\/wp-json\/wp\/v2\/comments?post=671"}],"version-history":[{"count":0,"href":"https:\/\/stefvintagestore.com\/en\/wp-json\/wp\/v2\/pages\/671\/revisions"}],"wp:attachment":[{"href":"https:\/\/stefvintagestore.com\/en\/wp-json\/wp\/v2\/media?parent=671"}],"wp:term":[{"taxonomy":"yst_prominent_words","embeddable":true,"href":"https:\/\/stefvintagestore.com\/en\/wp-json\/wp\/v2\/yst_prominent_words?post=671"}],"curies":[{"name":"wp","href":"https:\/\/api.w.org\/{rel}","templated":true}]}}