{"id":10903,"date":"2022-02-20T16:32:02","date_gmt":"2022-02-20T16:32:02","guid":{"rendered":"https:\/\/stefvintagestore.com\/?post_type=product&#038;p=10903"},"modified":"2026-02-22T02:43:04","modified_gmt":"2026-02-22T02:43:04","slug":"authentique-barber-pole-americain-marvy-modele-405","status":"publish","type":"product","link":"https:\/\/stefvintagestore.com\/en\/produit\/authentique-barber-pole-americain-marvy-modele-405\/","title":{"rendered":"Authentique barber pole am\u00e9ricain Marvy mod\u00e8le 405"},"content":{"rendered":"<p>Authentique barber pole am\u00e9ricain Marvy mod\u00e8le 405<br \/>\nCette authentique enseigne de barbier am\u00e9ricaine des ann\u00e9es 50 \u00e0 \u00e9t\u00e9 restaur\u00e9e , elle fonctionne .<br \/>\nConverti en 220 volts .<br \/>\nRetrait en magasin uniquement !<br \/>\nDimensions: hauteur 60 cm \u2013 Largeur: 14,5 cm \u2013 Profondeur 21,5 cm.<\/p>\n","protected":false},"excerpt":{"rendered":"<p>Authentique barber pole am\u00e9ricain Marvy mod\u00e8le 405<br \/>\nCette authentique enseigne de barbier am\u00e9ricaine des ann\u00e9es 50 \u00e0 \u00e9t\u00e9 restaur\u00e9e , elle fonctionne .<br \/>\nConverti en 220 volts .<br \/>\nRetrait en magasin uniquement !<br \/>\nDimensions: hauteur 60 cm \u2013 Largeur: 14,5 cm \u2013 Profondeur 21,5 cm.<\/p>\n","protected":false},"featured_media":10910,"comment_status":"open","ping_status":"closed","template":"","meta":{"_et_pb_use_builder":"","_et_pb_old_content":"","_et_gb_content_width":""},"yst_prominent_words":[193,214],"yoast_head":"<!-- This site is optimized with the Yoast SEO Premium plugin v14.0.4 - https:\/\/yoast.com\/wordpress\/plugins\/seo\/ -->\n<title>Authentique barber pole am\u00e9ricain Marvy mod\u00e8le 405 - StefVintageStore<\/title>\n<meta name=\"description\" content=\"Authentique barber pole am\u00e9ricain Marvy mod\u00e8le 405Cette authentique enseigne de barbier am\u00e9ricaine des ann\u00e9es 50 \u00e0 \u00e9t\u00e9 restaur\u00e9e , elle fonctionne\" \/>\n<meta name=\"robots\" content=\"index, follow\" \/>\n<meta name=\"googlebot\" content=\"index, follow, max-snippet:-1, max-image-preview:large, max-video-preview:-1\" \/>\n<meta name=\"bingbot\" content=\"index, follow, max-snippet:-1, max-image-preview:large, max-video-preview:-1\" \/>\n<link rel=\"canonical\" href=\"https:\/\/stefvintagestore.com\/en\/produit\/authentique-barber-pole-americain-marvy-modele-405\/\" \/>\n<meta property=\"og:locale\" content=\"en_US\" \/>\n<meta property=\"og:type\" content=\"article\" \/>\n<meta property=\"og:title\" content=\"Authentique barber pole am\u00e9ricain Marvy mod\u00e8le 405 - StefVintageStore\" \/>\n<meta property=\"og:description\" content=\"Authentique barber pole am\u00e9ricain Marvy mod\u00e8le 405Cette authentique enseigne de barbier am\u00e9ricaine des ann\u00e9es 50 \u00e0 \u00e9t\u00e9 restaur\u00e9e , elle fonctionne\" \/>\n<meta property=\"og:url\" content=\"https:\/\/stefvintagestore.com\/produit\/authentique-barber-pole-americain-marvy-modele-405\/\" \/>\n<meta property=\"og:site_name\" content=\"StefVintageStore\" \/>\n<meta property=\"article:modified_time\" content=\"2026-02-22T02:43:04+00:00\" \/>\n<meta property=\"og:image\" content=\"https:\/\/stefvintagestore.com\/wp-content\/uploads\/2022\/02\/IMG_5159-rotated.jpg\" \/>\n\t<meta property=\"og:image:width\" content=\"1512\" \/>\n\t<meta property=\"og:image:height\" content=\"2016\" \/>\n<meta name=\"twitter:card\" content=\"summary_large_image\" \/>\n<script type=\"application\/ld+json\" class=\"yoast-schema-graph\">{\"@context\":\"https:\/\/schema.org\",\"@graph\":[{\"@type\":\"WebSite\",\"@id\":\"https:\/\/stefvintagestore.com\/en\/#website\",\"url\":\"https:\/\/stefvintagestore.com\/en\/\",\"name\":\"Stef Vintage Store\",\"description\":\"Votre magasin de d\\u00e9coration vintage en ligne\",\"potentialAction\":[{\"@type\":\"SearchAction\",\"target\":\"https:\/\/stefvintagestore.com\/en\/?s={search_term_string}\",\"query-input\":\"required name=search_term_string\"}],\"inLanguage\":\"en-US\"},{\"@type\":\"ImageObject\",\"@id\":\"https:\/\/stefvintagestore.com\/produit\/authentique-barber-pole-americain-marvy-modele-405\/#primaryimage\",\"inLanguage\":\"en-US\",\"url\":\"https:\/\/stefvintagestore.com\/wp-content\/uploads\/2022\/02\/IMG_5159-rotated.jpg\",\"width\":1512,\"height\":2016,\"caption\":\"Authentique barber pole am\\u00e9ricain Marvy mod\\u00e8le 405\"},{\"@type\":\"WebPage\",\"@id\":\"https:\/\/stefvintagestore.com\/produit\/authentique-barber-pole-americain-marvy-modele-405\/#webpage\",\"url\":\"https:\/\/stefvintagestore.com\/produit\/authentique-barber-pole-americain-marvy-modele-405\/\",\"name\":\"Authentique barber pole am\\u00e9ricain Marvy mod\\u00e8le 405 - StefVintageStore\",\"isPartOf\":{\"@id\":\"https:\/\/stefvintagestore.com\/en\/#website\"},\"primaryImageOfPage\":{\"@id\":\"https:\/\/stefvintagestore.com\/produit\/authentique-barber-pole-americain-marvy-modele-405\/#primaryimage\"},\"datePublished\":\"2022-02-20T16:32:02+00:00\",\"dateModified\":\"2026-02-22T02:43:04+00:00\",\"description\":\"Authentique barber pole am\\u00e9ricain Marvy mod\\u00e8le 405Cette authentique enseigne de barbier am\\u00e9ricaine des ann\\u00e9es 50 \\u00e0 \\u00e9t\\u00e9 restaur\\u00e9e , elle fonctionne\",\"inLanguage\":\"en-US\",\"potentialAction\":[{\"@type\":\"ReadAction\",\"target\":[\"https:\/\/stefvintagestore.com\/produit\/authentique-barber-pole-americain-marvy-modele-405\/\"]}]}]}<\/script>\n<!-- \/ Yoast SEO Premium plugin. -->","_links":{"self":[{"href":"https:\/\/stefvintagestore.com\/en\/wp-json\/wp\/v2\/product\/10903"}],"collection":[{"href":"https:\/\/stefvintagestore.com\/en\/wp-json\/wp\/v2\/product"}],"about":[{"href":"https:\/\/stefvintagestore.com\/en\/wp-json\/wp\/v2\/types\/product"}],"replies":[{"embeddable":true,"href":"https:\/\/stefvintagestore.com\/en\/wp-json\/wp\/v2\/comments?post=10903"}],"wp:featuredmedia":[{"embeddable":true,"href":"https:\/\/stefvintagestore.com\/en\/wp-json\/wp\/v2\/media\/10910"}],"wp:attachment":[{"href":"https:\/\/stefvintagestore.com\/en\/wp-json\/wp\/v2\/media?parent=10903"}],"wp:term":[{"taxonomy":"yst_prominent_words","embeddable":true,"href":"https:\/\/stefvintagestore.com\/en\/wp-json\/wp\/v2\/yst_prominent_words?post=10903"}],"curies":[{"name":"wp","href":"https:\/\/api.w.org\/{rel}","templated":true}]}}