{"id":11697,"date":"2022-07-26T14:21:56","date_gmt":"2022-07-26T14:21:56","guid":{"rendered":"https:\/\/stefvintagestore.com\/?post_type=product&#038;p=11697"},"modified":"2023-03-03T12:10:00","modified_gmt":"2023-03-03T12:10:00","slug":"authentique-planche-de-surf-americaine-en-bois-287-cm-x-57-cm","status":"publish","type":"product","link":"https:\/\/stefvintagestore.com\/en\/produit\/authentique-planche-de-surf-americaine-en-bois-287-cm-x-57-cm\/","title":{"rendered":"Authentique planche de surf am\u00e9ricaine en bois 287 cm x 57 cm"},"content":{"rendered":"<p>Authentique planche de surf am\u00e9ricaine en bois .<br \/>\nProvient de Californie Venice beach .<br \/>\nMagnifique objet de d\u00e9coration vintage am\u00e9ricaine, elle est en super bon \u00e9tat<br \/>\nDimensions: 287 cm x 57 cm<\/p>\n<p>Retrait en magasin uniquement ( pas de livraison)<\/p>\n<p>&nbsp;<\/p>\n","protected":false},"excerpt":{"rendered":"<p>Authentique planche de surf am\u00e9ricaine en bois .<br \/>\nProvient de Californie Venice beach .<br \/>\nMagnifique objet de d\u00e9coration vintage am\u00e9ricaine, elle est en super bon \u00e9tat<br \/>\nDimensions: 287 cm x 57 cm<\/p>\n<p>Retrait en magasin uniquement ( pas de livraison)<\/p>\n","protected":false},"featured_media":11704,"comment_status":"open","ping_status":"closed","template":"","meta":{"_et_pb_use_builder":"","_et_pb_old_content":"","_et_gb_content_width":""},"yst_prominent_words":[193,208],"yoast_head":"<!-- This site is optimized with the Yoast SEO Premium plugin v14.0.4 - https:\/\/yoast.com\/wordpress\/plugins\/seo\/ -->\n<title>Authentique planche de surf am\u00e9ricaine en bois 287 cm x 57 cm<\/title>\n<meta name=\"description\" content=\"Authentique planche de surf am\u00e9ricaine en bois. Provient de Californie Venice beach .Magnifique objet de d\u00e9coration vintage am\u00e9ricaine, elle est en super ...\" \/>\n<meta name=\"robots\" content=\"index, follow\" \/>\n<meta name=\"googlebot\" content=\"index, follow, max-snippet:-1, max-image-preview:large, max-video-preview:-1\" \/>\n<meta name=\"bingbot\" content=\"index, follow, max-snippet:-1, max-image-preview:large, max-video-preview:-1\" \/>\n<link rel=\"canonical\" href=\"https:\/\/stefvintagestore.com\/en\/produit\/authentique-planche-de-surf-americaine-en-bois-287-cm-x-57-cm\/\" \/>\n<meta property=\"og:locale\" content=\"en_US\" \/>\n<meta property=\"og:type\" content=\"article\" \/>\n<meta property=\"og:title\" content=\"Authentique planche de surf am\u00e9ricaine en bois 287 cm x 57 cm\" \/>\n<meta property=\"og:description\" content=\"Authentique planche de surf am\u00e9ricaine en bois. Provient de Californie Venice beach .Magnifique objet de d\u00e9coration vintage am\u00e9ricaine, elle est en super ...\" \/>\n<meta property=\"og:url\" content=\"https:\/\/stefvintagestore.com\/produit\/authentique-planche-de-surf-americaine-en-bois-287-cm-x-57-cm\/\" \/>\n<meta property=\"og:site_name\" content=\"StefVintageStore\" \/>\n<meta property=\"article:modified_time\" content=\"2023-03-03T12:10:00+00:00\" \/>\n<meta property=\"og:image\" content=\"https:\/\/stefvintagestore.com\/wp-content\/uploads\/2022\/07\/IMG_7706-rotated.jpg\" \/>\n\t<meta property=\"og:image:width\" content=\"1512\" \/>\n\t<meta property=\"og:image:height\" content=\"2016\" \/>\n<meta name=\"twitter:card\" content=\"summary_large_image\" \/>\n<script type=\"application\/ld+json\" class=\"yoast-schema-graph\">{\"@context\":\"https:\/\/schema.org\",\"@graph\":[{\"@type\":\"WebSite\",\"@id\":\"https:\/\/stefvintagestore.com\/en\/#website\",\"url\":\"https:\/\/stefvintagestore.com\/en\/\",\"name\":\"Stef Vintage Store\",\"description\":\"Votre magasin de d\\u00e9coration vintage en ligne\",\"potentialAction\":[{\"@type\":\"SearchAction\",\"target\":\"https:\/\/stefvintagestore.com\/en\/?s={search_term_string}\",\"query-input\":\"required name=search_term_string\"}],\"inLanguage\":\"en-US\"},{\"@type\":\"ImageObject\",\"@id\":\"https:\/\/stefvintagestore.com\/produit\/authentique-planche-de-surf-americaine-en-bois-287-cm-x-57-cm\/#primaryimage\",\"inLanguage\":\"en-US\",\"url\":\"https:\/\/stefvintagestore.com\/wp-content\/uploads\/2022\/07\/IMG_7706-rotated.jpg\",\"width\":1512,\"height\":2016,\"caption\":\"Authentique planche de surf am\\u00e9ricaine en bois 287 cm x 57 cm\"},{\"@type\":\"WebPage\",\"@id\":\"https:\/\/stefvintagestore.com\/produit\/authentique-planche-de-surf-americaine-en-bois-287-cm-x-57-cm\/#webpage\",\"url\":\"https:\/\/stefvintagestore.com\/produit\/authentique-planche-de-surf-americaine-en-bois-287-cm-x-57-cm\/\",\"name\":\"Authentique planche de surf am\\u00e9ricaine en bois 287 cm x 57 cm\",\"isPartOf\":{\"@id\":\"https:\/\/stefvintagestore.com\/en\/#website\"},\"primaryImageOfPage\":{\"@id\":\"https:\/\/stefvintagestore.com\/produit\/authentique-planche-de-surf-americaine-en-bois-287-cm-x-57-cm\/#primaryimage\"},\"datePublished\":\"2022-07-26T14:21:56+00:00\",\"dateModified\":\"2023-03-03T12:10:00+00:00\",\"description\":\"Authentique planche de surf am\\u00e9ricaine en bois. Provient de Californie Venice beach .Magnifique objet de d\\u00e9coration vintage am\\u00e9ricaine, elle est en super ...\",\"inLanguage\":\"en-US\",\"potentialAction\":[{\"@type\":\"ReadAction\",\"target\":[\"https:\/\/stefvintagestore.com\/produit\/authentique-planche-de-surf-americaine-en-bois-287-cm-x-57-cm\/\"]}]}]}<\/script>\n<!-- \/ Yoast SEO Premium plugin. -->","_links":{"self":[{"href":"https:\/\/stefvintagestore.com\/en\/wp-json\/wp\/v2\/product\/11697"}],"collection":[{"href":"https:\/\/stefvintagestore.com\/en\/wp-json\/wp\/v2\/product"}],"about":[{"href":"https:\/\/stefvintagestore.com\/en\/wp-json\/wp\/v2\/types\/product"}],"replies":[{"embeddable":true,"href":"https:\/\/stefvintagestore.com\/en\/wp-json\/wp\/v2\/comments?post=11697"}],"wp:featuredmedia":[{"embeddable":true,"href":"https:\/\/stefvintagestore.com\/en\/wp-json\/wp\/v2\/media\/11704"}],"wp:attachment":[{"href":"https:\/\/stefvintagestore.com\/en\/wp-json\/wp\/v2\/media?parent=11697"}],"wp:term":[{"taxonomy":"yst_prominent_words","embeddable":true,"href":"https:\/\/stefvintagestore.com\/en\/wp-json\/wp\/v2\/yst_prominent_words?post=11697"}],"curies":[{"name":"wp","href":"https:\/\/api.w.org\/{rel}","templated":true}]}}