{"id":13996,"date":"2023-08-01T05:58:18","date_gmt":"2023-08-01T05:58:18","guid":{"rendered":"https:\/\/stefvintagestore.com\/?post_type=product&#038;p=13996"},"modified":"2025-06-11T21:04:24","modified_gmt":"2025-06-11T21:04:24","slug":"us-mail-storage-box-1955-boite-de-stockage-du-courrier-us","status":"publish","type":"product","link":"https:\/\/stefvintagestore.com\/en\/produit\/us-mail-storage-box-1955-boite-de-stockage-du-courrier-us\/","title":{"rendered":"US Mail Storage box 1955 \u2013 Bo\u00eete de stockage du courrier US"},"content":{"rendered":"<p>Bo\u00eete de stockage du courrier Am\u00e9ricaine de 1957.<br \/>\nUS Mail Storage box.<br \/>\nsuperbe patine<br \/>\nDimension : hauteur 140 cm, largeur 65 cm, profondeur 69 cm .<\/p>\n","protected":false},"excerpt":{"rendered":"<p>Bo\u00eete de stockage du courrier Am\u00e9ricaine de 1957.<br \/>\nUS Mail Storage box.<br \/>\nsuperbe patine<br \/>\nDimension : hauteur 140 cm, largeur 65 cm, profondeur 69 cm .<\/p>\n","protected":false},"featured_media":13997,"comment_status":"open","ping_status":"closed","template":"","meta":{"_et_pb_use_builder":"","_et_pb_old_content":"","_et_gb_content_width":""},"yst_prominent_words":[193],"yoast_head":"<!-- This site is optimized with the Yoast SEO Premium plugin v14.0.4 - https:\/\/yoast.com\/wordpress\/plugins\/seo\/ -->\n<title>US Mail Storage box 1955 \u2013 Bo\u00eete de stockage du courrier US<\/title>\n<meta name=\"description\" content=\"Bo\u00eete de stockage du courrier Am\u00e9ricaine de 1957.US Mail Storage box.superbe patineDimension : hauteur 140 cm, largeur 65 cm, profondeur 69 cm .\" \/>\n<meta name=\"robots\" content=\"index, follow\" \/>\n<meta name=\"googlebot\" content=\"index, follow, max-snippet:-1, max-image-preview:large, max-video-preview:-1\" \/>\n<meta name=\"bingbot\" content=\"index, follow, max-snippet:-1, max-image-preview:large, max-video-preview:-1\" \/>\n<link rel=\"canonical\" href=\"https:\/\/stefvintagestore.com\/en\/produit\/us-mail-storage-box-1955-boite-de-stockage-du-courrier-us\/\" \/>\n<meta property=\"og:locale\" content=\"en_US\" \/>\n<meta property=\"og:type\" content=\"article\" \/>\n<meta property=\"og:title\" content=\"US Mail Storage box 1955 \u2013 Bo\u00eete de stockage du courrier US\" \/>\n<meta property=\"og:description\" content=\"Bo\u00eete de stockage du courrier Am\u00e9ricaine de 1957.US Mail Storage box.superbe patineDimension : hauteur 140 cm, largeur 65 cm, profondeur 69 cm .\" \/>\n<meta property=\"og:url\" content=\"https:\/\/stefvintagestore.com\/produit\/us-mail-storage-box-1955-boite-de-stockage-du-courrier-us\/\" \/>\n<meta property=\"og:site_name\" content=\"StefVintageStore\" \/>\n<meta property=\"article:modified_time\" content=\"2025-06-11T21:04:24+00:00\" \/>\n<meta property=\"og:image\" content=\"https:\/\/stefvintagestore.com\/wp-content\/uploads\/2023\/08\/IMG_4971.jpg\" \/>\n\t<meta property=\"og:image:width\" content=\"1512\" \/>\n\t<meta property=\"og:image:height\" content=\"2016\" \/>\n<meta name=\"twitter:card\" content=\"summary_large_image\" \/>\n<script type=\"application\/ld+json\" class=\"yoast-schema-graph\">{\"@context\":\"https:\/\/schema.org\",\"@graph\":[{\"@type\":\"WebSite\",\"@id\":\"https:\/\/stefvintagestore.com\/en\/#website\",\"url\":\"https:\/\/stefvintagestore.com\/en\/\",\"name\":\"Stef Vintage Store\",\"description\":\"Votre magasin de d\\u00e9coration vintage en ligne\",\"potentialAction\":[{\"@type\":\"SearchAction\",\"target\":\"https:\/\/stefvintagestore.com\/en\/?s={search_term_string}\",\"query-input\":\"required name=search_term_string\"}],\"inLanguage\":\"en-US\"},{\"@type\":\"ImageObject\",\"@id\":\"https:\/\/stefvintagestore.com\/produit\/us-mail-storage-box-1955-boite-de-stockage-du-courrier-us\/#primaryimage\",\"inLanguage\":\"en-US\",\"url\":\"https:\/\/stefvintagestore.com\/wp-content\/uploads\/2023\/08\/IMG_4971.jpg\",\"width\":1512,\"height\":2016,\"caption\":\"Bo\\u00eete de stockage du courrier US\"},{\"@type\":\"WebPage\",\"@id\":\"https:\/\/stefvintagestore.com\/produit\/us-mail-storage-box-1955-boite-de-stockage-du-courrier-us\/#webpage\",\"url\":\"https:\/\/stefvintagestore.com\/produit\/us-mail-storage-box-1955-boite-de-stockage-du-courrier-us\/\",\"name\":\"US Mail Storage box 1955 \\u2013 Bo\\u00eete de stockage du courrier US\",\"isPartOf\":{\"@id\":\"https:\/\/stefvintagestore.com\/en\/#website\"},\"primaryImageOfPage\":{\"@id\":\"https:\/\/stefvintagestore.com\/produit\/us-mail-storage-box-1955-boite-de-stockage-du-courrier-us\/#primaryimage\"},\"datePublished\":\"2023-08-01T05:58:18+00:00\",\"dateModified\":\"2025-06-11T21:04:24+00:00\",\"description\":\"Bo\\u00eete de stockage du courrier Am\\u00e9ricaine de 1957.US Mail Storage box.superbe patineDimension : hauteur 140 cm, largeur 65 cm, profondeur 69 cm .\",\"inLanguage\":\"en-US\",\"potentialAction\":[{\"@type\":\"ReadAction\",\"target\":[\"https:\/\/stefvintagestore.com\/produit\/us-mail-storage-box-1955-boite-de-stockage-du-courrier-us\/\"]}]}]}<\/script>\n<!-- \/ Yoast SEO Premium plugin. -->","_links":{"self":[{"href":"https:\/\/stefvintagestore.com\/en\/wp-json\/wp\/v2\/product\/13996"}],"collection":[{"href":"https:\/\/stefvintagestore.com\/en\/wp-json\/wp\/v2\/product"}],"about":[{"href":"https:\/\/stefvintagestore.com\/en\/wp-json\/wp\/v2\/types\/product"}],"replies":[{"embeddable":true,"href":"https:\/\/stefvintagestore.com\/en\/wp-json\/wp\/v2\/comments?post=13996"}],"wp:featuredmedia":[{"embeddable":true,"href":"https:\/\/stefvintagestore.com\/en\/wp-json\/wp\/v2\/media\/13997"}],"wp:attachment":[{"href":"https:\/\/stefvintagestore.com\/en\/wp-json\/wp\/v2\/media?parent=13996"}],"wp:term":[{"taxonomy":"yst_prominent_words","embeddable":true,"href":"https:\/\/stefvintagestore.com\/en\/wp-json\/wp\/v2\/yst_prominent_words?post=13996"}],"curies":[{"name":"wp","href":"https:\/\/api.w.org\/{rel}","templated":true}]}}