{"id":14226,"date":"2023-08-13T08:05:40","date_gmt":"2023-08-13T08:05:40","guid":{"rendered":"https:\/\/stefvintagestore.com\/?post_type=product&#038;p=14226"},"modified":"2023-11-25T22:03:08","modified_gmt":"2023-11-25T22:03:08","slug":"frigo-glaciere-coca-cola-americaine","status":"publish","type":"product","link":"https:\/\/stefvintagestore.com\/en\/produit\/frigo-glaciere-coca-cola-americaine\/","title":{"rendered":"Frigo, glaci\u00e8re Coca Cola am\u00e9ricaine"},"content":{"rendered":"<p>Glaci\u00e8re frigo Coca Cola avec sa patine d origine,<br \/>\nil fonctionne et refroidit<br \/>\nProvient de Californie<br \/>\nDimensions: Hauteur 94cm &#8211; Largeur 70cm &#8211; Prof. 45cm<\/p>\n","protected":false},"excerpt":{"rendered":"<p>Glaci\u00e8re frigo Coca Cola avec sa patine d origine,<br \/>\nil fonctionne et refroidit<br \/>\nProvient de Californie<br \/>\nDimensions: Hauteur 94cm &#8211; Largeur 70cm &#8211; Prof. 45cm<\/p>\n","protected":false},"featured_media":14227,"comment_status":"open","ping_status":"closed","template":"","meta":{"_et_pb_use_builder":"","_et_pb_old_content":"","_et_gb_content_width":""},"yst_prominent_words":[],"yoast_head":"<!-- This site is optimized with the Yoast SEO Premium plugin v14.0.4 - https:\/\/yoast.com\/wordpress\/plugins\/seo\/ -->\n<title>Frigo, glaci\u00e8re Coca Cola am\u00e9ricaine - StefVintageStore<\/title>\n<meta name=\"description\" content=\"Glaci\u00e8re frigo Coca Cola avec sa patine d origine,il fonctionne et refroiditProvient de CalifornieDimensions: Hauteur 94cm - Largeur 70cm - Prof. 45cm\" \/>\n<meta name=\"robots\" content=\"index, follow\" \/>\n<meta name=\"googlebot\" content=\"index, follow, max-snippet:-1, max-image-preview:large, max-video-preview:-1\" \/>\n<meta name=\"bingbot\" content=\"index, follow, max-snippet:-1, max-image-preview:large, max-video-preview:-1\" \/>\n<link rel=\"canonical\" href=\"https:\/\/stefvintagestore.com\/en\/produit\/frigo-glaciere-coca-cola-americaine\/\" \/>\n<meta property=\"og:locale\" content=\"en_US\" \/>\n<meta property=\"og:type\" content=\"article\" \/>\n<meta property=\"og:title\" content=\"Frigo, glaci\u00e8re Coca Cola am\u00e9ricaine - StefVintageStore\" \/>\n<meta property=\"og:description\" content=\"Glaci\u00e8re frigo Coca Cola avec sa patine d origine,il fonctionne et refroiditProvient de CalifornieDimensions: Hauteur 94cm - Largeur 70cm - Prof. 45cm\" \/>\n<meta property=\"og:url\" content=\"https:\/\/stefvintagestore.com\/produit\/frigo-glaciere-coca-cola-americaine\/\" \/>\n<meta property=\"og:site_name\" content=\"StefVintageStore\" \/>\n<meta property=\"article:modified_time\" content=\"2023-11-25T22:03:08+00:00\" \/>\n<meta property=\"og:image\" content=\"https:\/\/stefvintagestore.com\/wp-content\/uploads\/2023\/08\/IMG_6244.jpg\" \/>\n\t<meta property=\"og:image:width\" content=\"1512\" \/>\n\t<meta property=\"og:image:height\" content=\"2016\" \/>\n<meta name=\"twitter:card\" content=\"summary_large_image\" \/>\n<script type=\"application\/ld+json\" class=\"yoast-schema-graph\">{\"@context\":\"https:\/\/schema.org\",\"@graph\":[{\"@type\":\"WebSite\",\"@id\":\"https:\/\/stefvintagestore.com\/en\/#website\",\"url\":\"https:\/\/stefvintagestore.com\/en\/\",\"name\":\"Stef Vintage Store\",\"description\":\"Votre magasin de d\\u00e9coration vintage en ligne\",\"potentialAction\":[{\"@type\":\"SearchAction\",\"target\":\"https:\/\/stefvintagestore.com\/en\/?s={search_term_string}\",\"query-input\":\"required name=search_term_string\"}],\"inLanguage\":\"en-US\"},{\"@type\":\"ImageObject\",\"@id\":\"https:\/\/stefvintagestore.com\/produit\/frigo-glaciere-coca-cola-americaine\/#primaryimage\",\"inLanguage\":\"en-US\",\"url\":\"https:\/\/stefvintagestore.com\/wp-content\/uploads\/2023\/08\/IMG_6244.jpg\",\"width\":1512,\"height\":2016,\"caption\":\"Frigo, glaci\\u00e8re Coca Cola am\\u00e9ricaine\"},{\"@type\":\"WebPage\",\"@id\":\"https:\/\/stefvintagestore.com\/produit\/frigo-glaciere-coca-cola-americaine\/#webpage\",\"url\":\"https:\/\/stefvintagestore.com\/produit\/frigo-glaciere-coca-cola-americaine\/\",\"name\":\"Frigo, glaci\\u00e8re Coca Cola am\\u00e9ricaine - StefVintageStore\",\"isPartOf\":{\"@id\":\"https:\/\/stefvintagestore.com\/en\/#website\"},\"primaryImageOfPage\":{\"@id\":\"https:\/\/stefvintagestore.com\/produit\/frigo-glaciere-coca-cola-americaine\/#primaryimage\"},\"datePublished\":\"2023-08-13T08:05:40+00:00\",\"dateModified\":\"2023-11-25T22:03:08+00:00\",\"description\":\"Glaci\\u00e8re frigo Coca Cola avec sa patine d origine,il fonctionne et refroiditProvient de CalifornieDimensions: Hauteur 94cm - Largeur 70cm - Prof. 45cm\",\"inLanguage\":\"en-US\",\"potentialAction\":[{\"@type\":\"ReadAction\",\"target\":[\"https:\/\/stefvintagestore.com\/produit\/frigo-glaciere-coca-cola-americaine\/\"]}]}]}<\/script>\n<!-- \/ Yoast SEO Premium plugin. -->","_links":{"self":[{"href":"https:\/\/stefvintagestore.com\/en\/wp-json\/wp\/v2\/product\/14226"}],"collection":[{"href":"https:\/\/stefvintagestore.com\/en\/wp-json\/wp\/v2\/product"}],"about":[{"href":"https:\/\/stefvintagestore.com\/en\/wp-json\/wp\/v2\/types\/product"}],"replies":[{"embeddable":true,"href":"https:\/\/stefvintagestore.com\/en\/wp-json\/wp\/v2\/comments?post=14226"}],"wp:featuredmedia":[{"embeddable":true,"href":"https:\/\/stefvintagestore.com\/en\/wp-json\/wp\/v2\/media\/14227"}],"wp:attachment":[{"href":"https:\/\/stefvintagestore.com\/en\/wp-json\/wp\/v2\/media?parent=14226"}],"wp:term":[{"taxonomy":"yst_prominent_words","embeddable":true,"href":"https:\/\/stefvintagestore.com\/en\/wp-json\/wp\/v2\/yst_prominent_words?post=14226"}],"curies":[{"name":"wp","href":"https:\/\/api.w.org\/{rel}","templated":true}]}}