{"id":14733,"date":"2023-11-07T20:03:13","date_gmt":"2023-11-07T20:03:13","guid":{"rendered":"https:\/\/stefvintagestore.com\/?post_type=product&#038;p=14733"},"modified":"2026-03-05T14:20:03","modified_gmt":"2026-03-05T14:20:03","slug":"enseigne-neon-serveuse-en-patin-a-roulettes-des-annees-50","status":"publish","type":"product","link":"https:\/\/stefvintagestore.com\/en\/produit\/enseigne-neon-serveuse-en-patin-a-roulettes-des-annees-50\/","title":{"rendered":"Enseigne n\u00e9on Serveuse en patin \u00e0 roulettes des ann\u00e9es 50"},"content":{"rendered":"<p>Enseigne n\u00e9on Serveuse en patin \u00e0 roulettes des ann\u00e9es 50.<br \/>\nDimension: H 170 CM &#8211; Large 82 cm .<br \/>\nPr\u00e9vu pour \u00eatre accroch\u00e9 au mur.<br \/>\nLes tube n\u00e9on en verre sont souffl\u00e9 a la main, rendu magnifique .<br \/>\nProduits neuf , CE approuv\u00e9.<br \/>\nFonctionne en 220 volts .<br \/>\nRetrait en magasin uniquement.<\/p>\n","protected":false},"excerpt":{"rendered":"<p>Enseigne n\u00e9on Serveuse en patin \u00e0 roulettes des ann\u00e9es 50.<br \/>\nDimension: H 170 CM &#8211; Large 82 cm .<br \/>\nPr\u00e9vu pour \u00eatre accroch\u00e9 au mur.<br \/>\nLes tube n\u00e9on en verre sont souffl\u00e9 a la main, rendu magnifique .<br \/>\nProduits neuf , CE approuv\u00e9.<br \/>\nFonctionne en 220 volts .<br \/>\nRetrait en magasin uniquement.<\/p>\n","protected":false},"featured_media":14742,"comment_status":"open","ping_status":"closed","template":"","meta":{"_et_pb_use_builder":"","_et_pb_old_content":"","_et_gb_content_width":""},"yst_prominent_words":[193,237],"yoast_head":"<!-- This site is optimized with the Yoast SEO Premium plugin v14.0.4 - https:\/\/yoast.com\/wordpress\/plugins\/seo\/ -->\n<title>Enseigne n\u00e9on Serveuse en patin \u00e0 roulettes des ann\u00e9es 50<\/title>\n<meta name=\"description\" content=\"Enseigne n\u00e9on Serveuse en patin \u00e0 roulettes des ann\u00e9es 50. Dimension: H 170 CM - Large 82 cm . Pr\u00e9vu pour \u00eatre accroch\u00e9 au mur. Les tube n\u00e9on en verre sont\" \/>\n<meta name=\"robots\" content=\"index, follow\" \/>\n<meta name=\"googlebot\" content=\"index, follow, max-snippet:-1, max-image-preview:large, max-video-preview:-1\" \/>\n<meta name=\"bingbot\" content=\"index, follow, max-snippet:-1, max-image-preview:large, max-video-preview:-1\" \/>\n<link rel=\"canonical\" href=\"https:\/\/stefvintagestore.com\/en\/produit\/enseigne-neon-serveuse-en-patin-a-roulettes-des-annees-50\/\" \/>\n<meta property=\"og:locale\" content=\"en_US\" \/>\n<meta property=\"og:type\" content=\"article\" \/>\n<meta property=\"og:title\" content=\"Enseigne n\u00e9on Serveuse en patin \u00e0 roulettes des ann\u00e9es 50\" \/>\n<meta property=\"og:description\" content=\"Enseigne n\u00e9on Serveuse en patin \u00e0 roulettes des ann\u00e9es 50. Dimension: H 170 CM - Large 82 cm . Pr\u00e9vu pour \u00eatre accroch\u00e9 au mur. Les tube n\u00e9on en verre sont\" \/>\n<meta property=\"og:url\" content=\"https:\/\/stefvintagestore.com\/produit\/enseigne-neon-serveuse-en-patin-a-roulettes-des-annees-50\/\" \/>\n<meta property=\"og:site_name\" content=\"StefVintageStore\" \/>\n<meta property=\"article:modified_time\" content=\"2026-03-05T14:20:03+00:00\" \/>\n<meta property=\"og:image\" content=\"https:\/\/stefvintagestore.com\/wp-content\/uploads\/2023\/11\/Capture-decran-2023-11-07-a-21.22.23-1018x1024.png\" \/>\n\t<meta property=\"og:image:width\" content=\"1018\" \/>\n\t<meta property=\"og:image:height\" content=\"1024\" \/>\n<meta name=\"twitter:card\" content=\"summary_large_image\" \/>\n<script type=\"application\/ld+json\" class=\"yoast-schema-graph\">{\"@context\":\"https:\/\/schema.org\",\"@graph\":[{\"@type\":\"WebSite\",\"@id\":\"https:\/\/stefvintagestore.com\/en\/#website\",\"url\":\"https:\/\/stefvintagestore.com\/en\/\",\"name\":\"Stef Vintage Store\",\"description\":\"Votre magasin de d\\u00e9coration vintage en ligne\",\"potentialAction\":[{\"@type\":\"SearchAction\",\"target\":\"https:\/\/stefvintagestore.com\/en\/?s={search_term_string}\",\"query-input\":\"required name=search_term_string\"}],\"inLanguage\":\"en-US\"},{\"@type\":\"ImageObject\",\"@id\":\"https:\/\/stefvintagestore.com\/produit\/enseigne-neon-serveuse-en-patin-a-roulettes-des-annees-50\/#primaryimage\",\"inLanguage\":\"en-US\",\"url\":\"https:\/\/stefvintagestore.com\/wp-content\/uploads\/2023\/11\/Capture-decran-2023-11-07-a-21.22.23.png\",\"width\":1394,\"height\":1402,\"caption\":\"ENT 6059 Enseigne n\\u00e9on Serveuse en patin \\u00e0 roulettes des ann\\u00e9es 50\"},{\"@type\":\"WebPage\",\"@id\":\"https:\/\/stefvintagestore.com\/produit\/enseigne-neon-serveuse-en-patin-a-roulettes-des-annees-50\/#webpage\",\"url\":\"https:\/\/stefvintagestore.com\/produit\/enseigne-neon-serveuse-en-patin-a-roulettes-des-annees-50\/\",\"name\":\"Enseigne n\\u00e9on Serveuse en patin \\u00e0 roulettes des ann\\u00e9es 50\",\"isPartOf\":{\"@id\":\"https:\/\/stefvintagestore.com\/en\/#website\"},\"primaryImageOfPage\":{\"@id\":\"https:\/\/stefvintagestore.com\/produit\/enseigne-neon-serveuse-en-patin-a-roulettes-des-annees-50\/#primaryimage\"},\"datePublished\":\"2023-11-07T20:03:13+00:00\",\"dateModified\":\"2026-03-05T14:20:03+00:00\",\"description\":\"Enseigne n\\u00e9on Serveuse en patin \\u00e0 roulettes des ann\\u00e9es 50. Dimension: H 170 CM - Large 82 cm . Pr\\u00e9vu pour \\u00eatre accroch\\u00e9 au mur. Les tube n\\u00e9on en verre sont\",\"inLanguage\":\"en-US\",\"potentialAction\":[{\"@type\":\"ReadAction\",\"target\":[\"https:\/\/stefvintagestore.com\/produit\/enseigne-neon-serveuse-en-patin-a-roulettes-des-annees-50\/\"]}]}]}<\/script>\n<!-- \/ Yoast SEO Premium plugin. -->","_links":{"self":[{"href":"https:\/\/stefvintagestore.com\/en\/wp-json\/wp\/v2\/product\/14733"}],"collection":[{"href":"https:\/\/stefvintagestore.com\/en\/wp-json\/wp\/v2\/product"}],"about":[{"href":"https:\/\/stefvintagestore.com\/en\/wp-json\/wp\/v2\/types\/product"}],"replies":[{"embeddable":true,"href":"https:\/\/stefvintagestore.com\/en\/wp-json\/wp\/v2\/comments?post=14733"}],"wp:featuredmedia":[{"embeddable":true,"href":"https:\/\/stefvintagestore.com\/en\/wp-json\/wp\/v2\/media\/14742"}],"wp:attachment":[{"href":"https:\/\/stefvintagestore.com\/en\/wp-json\/wp\/v2\/media?parent=14733"}],"wp:term":[{"taxonomy":"yst_prominent_words","embeddable":true,"href":"https:\/\/stefvintagestore.com\/en\/wp-json\/wp\/v2\/yst_prominent_words?post=14733"}],"curies":[{"name":"wp","href":"https:\/\/api.w.org\/{rel}","templated":true}]}}