{"id":16706,"date":"2025-01-30T09:05:51","date_gmt":"2025-01-30T09:05:51","guid":{"rendered":"https:\/\/stefvintagestore.com\/?post_type=product&#038;p=16706"},"modified":"2026-03-05T14:18:50","modified_gmt":"2026-03-05T14:18:50","slug":"enseigne-neon-elvis-presley-60-cm","status":"publish","type":"product","link":"https:\/\/stefvintagestore.com\/en\/produit\/enseigne-neon-elvis-presley-60-cm\/","title":{"rendered":"Enseigne N\u00e9on Elvis Presley 60 cm."},"content":{"rendered":"<p>Enseigne N\u00e9on Elvis Presley.<br \/>\nPeut-\u00eatre d\u00e9pos\u00e9 sur un meuble ou accroch\u00e9 au mur.<br \/>\nLes transformateurs ont une r\u00e9sistance industrielle.<br \/>\nLes tubes n\u00e9on en verre sont souffl\u00e9s \u00e0 la main, rendus magnifiques.<br \/>\nProduit neuf, fonctionne en 220 volts.<br \/>\nDimension : 60 cm.<\/p>\n<p>Pas d\u2019exp\u00e9dition, retrait en magasin uniquement<br \/>\n( sauf si achat d\u2019une pompe \u00e0 essence ou d\u2019une grosse pi\u00e8ce, alors on peut exp\u00e9dier le tout sur une seule palette, mais le prix pour l\u2019exp\u00e9dition d\u2019une palette est de 300 euros pour la France )<\/p>\n","protected":false},"excerpt":{"rendered":"<p>Enseigne N\u00e9on Elvis Presley.<br \/>\nPeut-\u00eatre d\u00e9pos\u00e9 sur un meuble ou accroch\u00e9 au mur.<br \/>\nLes transformateurs ont une r\u00e9sistance industrielle.<br \/>\nLes tubes n\u00e9on en verre sont souffl\u00e9s \u00e0 la main, rendus magnifiques.<br \/>\nProduit neuf, fonctionne en 220 volts.<br \/>\nDimension : 60 cm.<\/p>\n<p>Pas d\u2019exp\u00e9dition, retrait en magasin uniquement<br \/>\n( sauf si achat d\u2019une pompe \u00e0 essence ou d\u2019une grosse pi\u00e8ce, alors on peut exp\u00e9dier le tout sur une seule palette, mais le prix pour l\u2019exp\u00e9dition d\u2019une palette est de 300 euros pour la France )<\/p>\n","protected":false},"featured_media":16707,"comment_status":"open","ping_status":"closed","template":"","meta":{"_et_pb_use_builder":"","_et_pb_old_content":"","_et_gb_content_width":""},"yst_prominent_words":[237],"yoast_head":"<!-- This site is optimized with the Yoast SEO Premium plugin v14.0.4 - https:\/\/yoast.com\/wordpress\/plugins\/seo\/ -->\n<title>Enseigne N\u00e9on Elvis Presley 60 cm. - StefVintageStore<\/title>\n<meta name=\"description\" content=\"Enseigne N\u00e9on Elvis Presley. Peut-\u00eatre d\u00e9pos\u00e9 sur un meuble ou accroch\u00e9 au mur. Les transformateurs ont une r\u00e9sistance industrielle. Les tubes n\u00e9on en verre\" \/>\n<meta name=\"robots\" content=\"index, follow\" \/>\n<meta name=\"googlebot\" content=\"index, follow, max-snippet:-1, max-image-preview:large, max-video-preview:-1\" \/>\n<meta name=\"bingbot\" content=\"index, follow, max-snippet:-1, max-image-preview:large, max-video-preview:-1\" \/>\n<link rel=\"canonical\" href=\"https:\/\/stefvintagestore.com\/en\/produit\/enseigne-neon-elvis-presley-60-cm\/\" \/>\n<meta property=\"og:locale\" content=\"en_US\" \/>\n<meta property=\"og:type\" content=\"article\" \/>\n<meta property=\"og:title\" content=\"Enseigne N\u00e9on Elvis Presley 60 cm. - StefVintageStore\" \/>\n<meta property=\"og:description\" content=\"Enseigne N\u00e9on Elvis Presley. Peut-\u00eatre d\u00e9pos\u00e9 sur un meuble ou accroch\u00e9 au mur. Les transformateurs ont une r\u00e9sistance industrielle. Les tubes n\u00e9on en verre\" \/>\n<meta property=\"og:url\" content=\"https:\/\/stefvintagestore.com\/produit\/enseigne-neon-elvis-presley-60-cm\/\" \/>\n<meta property=\"og:site_name\" content=\"StefVintageStore\" \/>\n<meta property=\"article:modified_time\" content=\"2026-03-05T14:18:50+00:00\" \/>\n<meta property=\"og:image\" content=\"https:\/\/stefvintagestore.com\/wp-content\/uploads\/2025\/01\/Capture-decran-2025-01-30-a-10.02.19-1000x1024.png\" \/>\n\t<meta property=\"og:image:width\" content=\"1000\" \/>\n\t<meta property=\"og:image:height\" content=\"1024\" \/>\n<meta name=\"twitter:card\" content=\"summary_large_image\" \/>\n<script type=\"application\/ld+json\" class=\"yoast-schema-graph\">{\"@context\":\"https:\/\/schema.org\",\"@graph\":[{\"@type\":\"WebSite\",\"@id\":\"https:\/\/stefvintagestore.com\/en\/#website\",\"url\":\"https:\/\/stefvintagestore.com\/en\/\",\"name\":\"Stef Vintage Store\",\"description\":\"Votre magasin de d\\u00e9coration vintage en ligne\",\"potentialAction\":[{\"@type\":\"SearchAction\",\"target\":\"https:\/\/stefvintagestore.com\/en\/?s={search_term_string}\",\"query-input\":\"required name=search_term_string\"}],\"inLanguage\":\"en-US\"},{\"@type\":\"ImageObject\",\"@id\":\"https:\/\/stefvintagestore.com\/produit\/enseigne-neon-elvis-presley-60-cm\/#primaryimage\",\"inLanguage\":\"en-US\",\"url\":\"https:\/\/stefvintagestore.com\/wp-content\/uploads\/2025\/01\/Capture-decran-2025-01-30-a-10.02.19.png\",\"width\":1394,\"height\":1428,\"caption\":\"Enseigne N\\u00e9on Elvis Presley 60 cm.\"},{\"@type\":\"WebPage\",\"@id\":\"https:\/\/stefvintagestore.com\/produit\/enseigne-neon-elvis-presley-60-cm\/#webpage\",\"url\":\"https:\/\/stefvintagestore.com\/produit\/enseigne-neon-elvis-presley-60-cm\/\",\"name\":\"Enseigne N\\u00e9on Elvis Presley 60 cm. - StefVintageStore\",\"isPartOf\":{\"@id\":\"https:\/\/stefvintagestore.com\/en\/#website\"},\"primaryImageOfPage\":{\"@id\":\"https:\/\/stefvintagestore.com\/produit\/enseigne-neon-elvis-presley-60-cm\/#primaryimage\"},\"datePublished\":\"2025-01-30T09:05:51+00:00\",\"dateModified\":\"2026-03-05T14:18:50+00:00\",\"description\":\"Enseigne N\\u00e9on Elvis Presley. Peut-\\u00eatre d\\u00e9pos\\u00e9 sur un meuble ou accroch\\u00e9 au mur. Les transformateurs ont une r\\u00e9sistance industrielle. Les tubes n\\u00e9on en verre\",\"inLanguage\":\"en-US\",\"potentialAction\":[{\"@type\":\"ReadAction\",\"target\":[\"https:\/\/stefvintagestore.com\/produit\/enseigne-neon-elvis-presley-60-cm\/\"]}]}]}<\/script>\n<!-- \/ Yoast SEO Premium plugin. -->","_links":{"self":[{"href":"https:\/\/stefvintagestore.com\/en\/wp-json\/wp\/v2\/product\/16706"}],"collection":[{"href":"https:\/\/stefvintagestore.com\/en\/wp-json\/wp\/v2\/product"}],"about":[{"href":"https:\/\/stefvintagestore.com\/en\/wp-json\/wp\/v2\/types\/product"}],"replies":[{"embeddable":true,"href":"https:\/\/stefvintagestore.com\/en\/wp-json\/wp\/v2\/comments?post=16706"}],"wp:featuredmedia":[{"embeddable":true,"href":"https:\/\/stefvintagestore.com\/en\/wp-json\/wp\/v2\/media\/16707"}],"wp:attachment":[{"href":"https:\/\/stefvintagestore.com\/en\/wp-json\/wp\/v2\/media?parent=16706"}],"wp:term":[{"taxonomy":"yst_prominent_words","embeddable":true,"href":"https:\/\/stefvintagestore.com\/en\/wp-json\/wp\/v2\/yst_prominent_words?post=16706"}],"curies":[{"name":"wp","href":"https:\/\/api.w.org\/{rel}","templated":true}]}}