{"id":16821,"date":"2025-02-11T14:41:42","date_gmt":"2025-02-11T14:41:42","guid":{"rendered":"https:\/\/stefvintagestore.com\/?post_type=product&#038;p=16821"},"modified":"2025-10-19T09:04:11","modified_gmt":"2025-10-19T09:04:11","slug":"feu-rouge-americain-tricolore-avec-sa-patine-dorigine-et-son-pied","status":"publish","type":"product","link":"https:\/\/stefvintagestore.com\/en\/produit\/feu-rouge-americain-tricolore-avec-sa-patine-dorigine-et-son-pied\/","title":{"rendered":"Feu rouge am\u00e9ricain Tricolore avec sa Patine d&#8217;origine et son pied."},"content":{"rendered":"<p>Feu rouge am\u00e9ricain Tricolore avec sa Patine d&#8217;origine et son pied.<br \/>\nIl provient de la ville de New York, ann\u00e9e 60 .<br \/>\nLe Feu et son pied sont \u00a0en fonte d\u2019aluminium.<br \/>\nFonctionne en 220 volts, nouvelle ampoules led E27, un s\u00e9quenceur a \u00e9t\u00e9 installer .<br \/>\nLe S\u00e9quenceur est un boitier permettant d\u2019automatiser l\u2019allumage et l\u2019alternance des feux.<br \/>\nDimensions: Hauteur: 185 cm \u2013 \u00a0La base: 35X35 cm<\/p>\n<p>Expedition possible en suppl\u00e9ment , emballage professionnel et port avec assurance : Prix 150 euro belgique et 299 euro la france<\/p>\n","protected":false},"excerpt":{"rendered":"<p>Feu rouge am\u00e9ricain Tricolore avec sa Patine d&#8217;origine et son pied.<br \/>\nIl provient de la ville de New York, ann\u00e9e 60 .<br \/>\nLe Feu et son pied sont \u00a0en fonte d\u2019aluminium.<br \/>\nFonctionne en 220 volts, nouvelle ampoules led E27, un s\u00e9quenceur a \u00e9t\u00e9 installer .<br \/>\nLe S\u00e9quenceur est un boitier permettant d\u2019automatiser l\u2019allumage et l\u2019alternance des feux.<br \/>\nDimensions: Hauteur: 185 cm \u2013 \u00a0La base: 35X35 cm<\/p>\n<p>Expedition possible en suppl\u00e9ment , emballage professionnel et port avec assurance : Prix 150 euro belgique et 299 euro la france<\/p>\n","protected":false},"featured_media":0,"comment_status":"open","ping_status":"closed","template":"","meta":{"_et_pb_use_builder":"on","_et_pb_old_content":"Feu rouge am\u00e9ricain Tricolore avec sa Patine d'origine et son pied.\r\nIl provient de la ville de New York, ann\u00e9e 60 .\r\nLe Feu et son pied sont \u00a0en fonte d\u2019aluminium.\r\nFonctionne en 220 volts, nouvelle ampoules led E27, un s\u00e9quenceur a \u00e9t\u00e9 installer .\r\nLe S\u00e9quenceur est un boitier permettant d\u2019automatiser l\u2019allumage et l\u2019alternance des feux.\r\nDimensions: Hauteur: 185 cm \u2013 \u00a0La base: 35X35 cm\r\n\r\nExpedition possible en suppl\u00e9ment , emballage professionnel et port avec assurance : Prix 150 euro belgique et 299 euro la france","_et_gb_content_width":""},"yst_prominent_words":[193],"yoast_head":"<!-- This site is optimized with the Yoast SEO Premium plugin v14.0.4 - https:\/\/yoast.com\/wordpress\/plugins\/seo\/ -->\n<title>Feu rouge am\u00e9ricain Tricolore avec sa Patine d&#039;origine et son pied.<\/title>\n<meta name=\"description\" content=\"Feu rouge am\u00e9ricain Tricolore avec sa Patine d&#039;origine et son pied. Il provient de la ville de New York, ann\u00e9e 60. Le Feu et son pied sont \u00a0en fonte d\u2019alu...\" \/>\n<meta name=\"robots\" content=\"index, follow\" \/>\n<meta name=\"googlebot\" content=\"index, follow, max-snippet:-1, max-image-preview:large, max-video-preview:-1\" \/>\n<meta name=\"bingbot\" content=\"index, follow, max-snippet:-1, max-image-preview:large, max-video-preview:-1\" \/>\n<link rel=\"canonical\" href=\"https:\/\/stefvintagestore.com\/en\/produit\/feu-rouge-americain-tricolore-avec-sa-patine-dorigine-et-son-pied\/\" \/>\n<meta property=\"og:locale\" content=\"en_US\" \/>\n<meta property=\"og:type\" content=\"article\" \/>\n<meta property=\"og:title\" content=\"Feu rouge am\u00e9ricain Tricolore avec sa Patine d&#039;origine et son pied.\" \/>\n<meta property=\"og:description\" content=\"Feu rouge am\u00e9ricain Tricolore avec sa Patine d&#039;origine et son pied. Il provient de la ville de New York, ann\u00e9e 60. Le Feu et son pied sont \u00a0en fonte d\u2019alu...\" \/>\n<meta property=\"og:url\" content=\"https:\/\/stefvintagestore.com\/produit\/feu-rouge-americain-tricolore-avec-sa-patine-dorigine-et-son-pied\/\" \/>\n<meta property=\"og:site_name\" content=\"StefVintageStore\" \/>\n<meta property=\"article:modified_time\" content=\"2025-10-19T09:04:11+00:00\" \/>\n<meta property=\"og:image\" content=\"https:\/\/stefvintagestore.com\/wp-content\/uploads\/2025\/02\/IMG_1558-scaled.jpg\" \/>\n\t<meta property=\"og:image:width\" content=\"1920\" \/>\n\t<meta property=\"og:image:height\" content=\"2560\" \/>\n<meta name=\"twitter:card\" content=\"summary_large_image\" \/>\n<script type=\"application\/ld+json\" class=\"yoast-schema-graph\">{\"@context\":\"https:\/\/schema.org\",\"@graph\":[{\"@type\":\"WebSite\",\"@id\":\"https:\/\/stefvintagestore.com\/en\/#website\",\"url\":\"https:\/\/stefvintagestore.com\/en\/\",\"name\":\"Stef Vintage Store\",\"description\":\"Votre magasin de d\\u00e9coration vintage en ligne\",\"potentialAction\":[{\"@type\":\"SearchAction\",\"target\":\"https:\/\/stefvintagestore.com\/en\/?s={search_term_string}\",\"query-input\":\"required name=search_term_string\"}],\"inLanguage\":\"en-US\"},{\"@type\":\"WebPage\",\"@id\":\"https:\/\/stefvintagestore.com\/produit\/feu-rouge-americain-tricolore-avec-sa-patine-dorigine-et-son-pied\/#webpage\",\"url\":\"https:\/\/stefvintagestore.com\/produit\/feu-rouge-americain-tricolore-avec-sa-patine-dorigine-et-son-pied\/\",\"name\":\"Feu rouge am\\u00e9ricain Tricolore avec sa Patine d'origine et son pied.\",\"isPartOf\":{\"@id\":\"https:\/\/stefvintagestore.com\/en\/#website\"},\"datePublished\":\"2025-02-11T14:41:42+00:00\",\"dateModified\":\"2025-10-19T09:04:11+00:00\",\"description\":\"Feu rouge am\\u00e9ricain Tricolore avec sa Patine d'origine et son pied. Il provient de la ville de New York, ann\\u00e9e 60. Le Feu et son pied sont \\u00a0en fonte d\\u2019alu...\",\"inLanguage\":\"en-US\",\"potentialAction\":[{\"@type\":\"ReadAction\",\"target\":[\"https:\/\/stefvintagestore.com\/produit\/feu-rouge-americain-tricolore-avec-sa-patine-dorigine-et-son-pied\/\"]}]}]}<\/script>\n<!-- \/ Yoast SEO Premium plugin. -->","_links":{"self":[{"href":"https:\/\/stefvintagestore.com\/en\/wp-json\/wp\/v2\/product\/16821"}],"collection":[{"href":"https:\/\/stefvintagestore.com\/en\/wp-json\/wp\/v2\/product"}],"about":[{"href":"https:\/\/stefvintagestore.com\/en\/wp-json\/wp\/v2\/types\/product"}],"replies":[{"embeddable":true,"href":"https:\/\/stefvintagestore.com\/en\/wp-json\/wp\/v2\/comments?post=16821"}],"wp:attachment":[{"href":"https:\/\/stefvintagestore.com\/en\/wp-json\/wp\/v2\/media?parent=16821"}],"wp:term":[{"taxonomy":"yst_prominent_words","embeddable":true,"href":"https:\/\/stefvintagestore.com\/en\/wp-json\/wp\/v2\/yst_prominent_words?post=16821"}],"curies":[{"name":"wp","href":"https:\/\/api.w.org\/{rel}","templated":true}]}}