{"id":17127,"date":"2025-04-11T05:54:33","date_gmt":"2025-04-11T05:54:33","guid":{"rendered":"https:\/\/stefvintagestore.com\/?post_type=product&#038;p=17127"},"modified":"2026-03-05T14:17:05","modified_gmt":"2026-03-05T14:17:05","slug":"veritable-enseigne-lumineuse-atlantic-americaine-1980","status":"publish","type":"product","link":"https:\/\/stefvintagestore.com\/en\/produit\/veritable-enseigne-lumineuse-atlantic-americaine-1980\/","title":{"rendered":"v\u00e9ritable enseigne lumineuse atlantic am\u00e9ricaine 1980"},"content":{"rendered":"<p>Authentique enseigne lumineuse am\u00e9ricaine Atlantic des ann\u00e9es 80<br \/>\nElle fonctionne ( 220 volts )<br \/>\nPas de fissure, super bon \u00e9tat g\u00e9n\u00e9ral pour son \u00e2ge.<br \/>\nHistoire de la marque Atlantic Petroleum.<br \/>\nc&#8217; \u00e9tait une compagnie p\u00e9troli\u00e8re de l&#8217;est des \u00c9tats-Unis dont le si\u00e8ge se trouvait \u00e0 Philadelphie, en Pennsylvanie, et qui descendait directement du Standard Oil Trust.<br \/>\nElle \u00e9tait \u00e9galement l&#8217;une des soci\u00e9t\u00e9s qui ont fusionn\u00e9 avec Richfield Oil Corporation pour former l'&#8221;AtlanticRichfield Co.<br \/>\nApr\u00e8s une scission infructueuse de l&#8217;ARCO, Atlantic a \u00e9t\u00e9 rachet\u00e9e par Sunoco en 1988.<\/p>\n<p>Dimensions de l&#8217;enseigne 3,88 m\u00e8tres de long sur 1,2 m\u00e8tres de haut.<\/p>\n","protected":false},"excerpt":{"rendered":"<p>Authentique enseigne lumineuse am\u00e9ricaine Atlantic des ann\u00e9es 80<br \/>\nElle fonctionne ( 220 volts )<br \/>\nPas de fissure, super bon \u00e9tat g\u00e9n\u00e9ral pour son \u00e2ge.<br \/>\nHistoire de la marque Atlantic Petroleum.<br \/>\nc&#8217; \u00e9tait une compagnie p\u00e9troli\u00e8re de l&#8217;est des \u00c9tats-Unis dont le si\u00e8ge se trouvait \u00e0 Philadelphie, en Pennsylvanie, et qui descendait directement du Standard Oil Trust.<br \/>\nElle \u00e9tait \u00e9galement l&#8217;une des soci\u00e9t\u00e9s qui ont fusionn\u00e9 avec Richfield Oil Corporation pour former l'&#8221;AtlanticRichfield Co.<br \/>\nApr\u00e8s une scission infructueuse de l&#8217;ARCO, Atlantic a \u00e9t\u00e9 rachet\u00e9e par Sunoco en 1988.<\/p>\n<p>Dimensions de l&#8217;enseigne 3,88 m\u00e8tres de long sur 1,2 m\u00e8tres de haut.<\/p>\n","protected":false},"featured_media":17128,"comment_status":"closed","ping_status":"closed","template":"","meta":{"_et_pb_use_builder":"","_et_pb_old_content":"","_et_gb_content_width":""},"yst_prominent_words":[260],"yoast_head":"<!-- This site is optimized with the Yoast SEO Premium plugin v14.0.4 - https:\/\/yoast.com\/wordpress\/plugins\/seo\/ -->\n<title>v\u00e9ritable enseigne lumineuse atlantic am\u00e9ricaine 1980 - StefVintageStore<\/title>\n<meta name=\"description\" content=\"Authentique enseigne lumineuse am\u00e9ricaine Atlantic des ann\u00e9es 80. Elle fonctionne ( 220 volts ) Pas de fissure, super bon \u00e9tat g\u00e9n\u00e9ral pour son \u00e2ge...\" \/>\n<meta name=\"robots\" content=\"index, follow\" \/>\n<meta name=\"googlebot\" content=\"index, follow, max-snippet:-1, max-image-preview:large, max-video-preview:-1\" \/>\n<meta name=\"bingbot\" content=\"index, follow, max-snippet:-1, max-image-preview:large, max-video-preview:-1\" \/>\n<link rel=\"canonical\" href=\"https:\/\/stefvintagestore.com\/en\/produit\/veritable-enseigne-lumineuse-atlantic-americaine-1980\/\" \/>\n<meta property=\"og:locale\" content=\"en_US\" \/>\n<meta property=\"og:type\" content=\"article\" \/>\n<meta property=\"og:title\" content=\"v\u00e9ritable enseigne lumineuse atlantic am\u00e9ricaine 1980 - StefVintageStore\" \/>\n<meta property=\"og:description\" content=\"Authentique enseigne lumineuse am\u00e9ricaine Atlantic des ann\u00e9es 80. Elle fonctionne ( 220 volts ) Pas de fissure, super bon \u00e9tat g\u00e9n\u00e9ral pour son \u00e2ge...\" \/>\n<meta property=\"og:url\" content=\"https:\/\/stefvintagestore.com\/produit\/veritable-enseigne-lumineuse-atlantic-americaine-1980\/\" \/>\n<meta property=\"og:site_name\" content=\"StefVintageStore\" \/>\n<meta property=\"article:modified_time\" content=\"2026-03-05T14:17:05+00:00\" \/>\n<meta property=\"og:image\" content=\"https:\/\/stefvintagestore.com\/wp-content\/uploads\/2025\/04\/IMG_2677-scaled.jpg\" \/>\n\t<meta property=\"og:image:width\" content=\"2560\" \/>\n\t<meta property=\"og:image:height\" content=\"1920\" \/>\n<meta name=\"twitter:card\" content=\"summary_large_image\" \/>\n<script type=\"application\/ld+json\" class=\"yoast-schema-graph\">{\"@context\":\"https:\/\/schema.org\",\"@graph\":[{\"@type\":\"WebSite\",\"@id\":\"https:\/\/stefvintagestore.com\/en\/#website\",\"url\":\"https:\/\/stefvintagestore.com\/en\/\",\"name\":\"Stef Vintage Store\",\"description\":\"Votre magasin de d\\u00e9coration vintage en ligne\",\"potentialAction\":[{\"@type\":\"SearchAction\",\"target\":\"https:\/\/stefvintagestore.com\/en\/?s={search_term_string}\",\"query-input\":\"required name=search_term_string\"}],\"inLanguage\":\"en-US\"},{\"@type\":\"ImageObject\",\"@id\":\"https:\/\/stefvintagestore.com\/produit\/veritable-enseigne-lumineuse-atlantic-americaine-1980\/#primaryimage\",\"inLanguage\":\"en-US\",\"url\":\"https:\/\/stefvintagestore.com\/wp-content\/uploads\/2025\/04\/IMG_2677-scaled.jpg\",\"width\":2560,\"height\":1920,\"caption\":\"v\\u00e9ritable enseigne lumineuse atlantic am\\u00e9ricaine 1980\"},{\"@type\":\"WebPage\",\"@id\":\"https:\/\/stefvintagestore.com\/produit\/veritable-enseigne-lumineuse-atlantic-americaine-1980\/#webpage\",\"url\":\"https:\/\/stefvintagestore.com\/produit\/veritable-enseigne-lumineuse-atlantic-americaine-1980\/\",\"name\":\"v\\u00e9ritable enseigne lumineuse atlantic am\\u00e9ricaine 1980 - StefVintageStore\",\"isPartOf\":{\"@id\":\"https:\/\/stefvintagestore.com\/en\/#website\"},\"primaryImageOfPage\":{\"@id\":\"https:\/\/stefvintagestore.com\/produit\/veritable-enseigne-lumineuse-atlantic-americaine-1980\/#primaryimage\"},\"datePublished\":\"2025-04-11T05:54:33+00:00\",\"dateModified\":\"2026-03-05T14:17:05+00:00\",\"description\":\"Authentique enseigne lumineuse am\\u00e9ricaine Atlantic des ann\\u00e9es 80. Elle fonctionne ( 220 volts ) Pas de fissure, super bon \\u00e9tat g\\u00e9n\\u00e9ral pour son \\u00e2ge...\",\"inLanguage\":\"en-US\",\"potentialAction\":[{\"@type\":\"ReadAction\",\"target\":[\"https:\/\/stefvintagestore.com\/produit\/veritable-enseigne-lumineuse-atlantic-americaine-1980\/\"]}]}]}<\/script>\n<!-- \/ Yoast SEO Premium plugin. -->","_links":{"self":[{"href":"https:\/\/stefvintagestore.com\/en\/wp-json\/wp\/v2\/product\/17127"}],"collection":[{"href":"https:\/\/stefvintagestore.com\/en\/wp-json\/wp\/v2\/product"}],"about":[{"href":"https:\/\/stefvintagestore.com\/en\/wp-json\/wp\/v2\/types\/product"}],"replies":[{"embeddable":true,"href":"https:\/\/stefvintagestore.com\/en\/wp-json\/wp\/v2\/comments?post=17127"}],"wp:featuredmedia":[{"embeddable":true,"href":"https:\/\/stefvintagestore.com\/en\/wp-json\/wp\/v2\/media\/17128"}],"wp:attachment":[{"href":"https:\/\/stefvintagestore.com\/en\/wp-json\/wp\/v2\/media?parent=17127"}],"wp:term":[{"taxonomy":"yst_prominent_words","embeddable":true,"href":"https:\/\/stefvintagestore.com\/en\/wp-json\/wp\/v2\/yst_prominent_words?post=17127"}],"curies":[{"name":"wp","href":"https:\/\/api.w.org\/{rel}","templated":true}]}}