{"id":17611,"date":"2026-03-05T15:29:00","date_gmt":"2026-03-05T15:29:00","guid":{"rendered":"https:\/\/stefvintagestore.com\/?post_type=product&#038;p=17611"},"modified":"2026-03-05T15:31:41","modified_gmt":"2026-03-05T15:31:41","slug":"enseigne-lumineuse-cooper-tire","status":"publish","type":"product","link":"https:\/\/stefvintagestore.com\/en\/produit\/enseigne-lumineuse-cooper-tire\/","title":{"rendered":"Enseigne lumineuse Cooper Tire"},"content":{"rendered":"<p>Authentique face d&#8217;enseigne lumineuse Cooper Tire .<br \/>\nTr\u00e8s bon \u00e9tat g\u00e9n\u00e9ral pour son \u00e2ge, pas de fissures .<br \/>\nId\u00e9al pour un grand espace, que ce soit pour une entreprise, un garage de voitures anciennes ou comme pi\u00e8ce ma\u00eetresse dans votre maison.<br \/>\nImportant : le cadre et l&#8217;\u00e9clairage ne sont pas pr\u00e9sents, il s&#8217;agit uniquement d&#8217;un panneau en plexiglas.<br \/>\nDimensions : longueur 3,66 m\u00e8tres &#8211; hauteur 91 cm &#8211; profondeur 6 cm<\/p>\n<p>pas d&#8217;exp\u00e9ditions, \u00e0 venir chercher sur place<\/p>\n<p>&nbsp;<\/p>\n","protected":false},"excerpt":{"rendered":"<p>Authentique face d&#8217;enseigne lumineuse Cooper Tire .<br \/>\nTr\u00e8s bon \u00e9tat g\u00e9n\u00e9ral pour son \u00e2ge, pas de fissures .<br \/>\nId\u00e9al pour un grand espace, que ce soit pour une entreprise, un garage de voitures anciennes ou comme pi\u00e8ce ma\u00eetresse dans votre maison.<br \/>\nImportant : le cadre et l&#8217;\u00e9clairage ne sont pas pr\u00e9sents, il s&#8217;agit uniquement d&#8217;un panneau en plexiglas.<br \/>\nDimensions : longueur 3,66 m\u00e8tres &#8211; hauteur 91 cm &#8211; profondeur 6 cm<\/p>\n<p>pas d&#8217;exp\u00e9ditions, \u00e0 venir chercher sur place<\/p>\n<p>&nbsp;<\/p>\n","protected":false},"featured_media":17612,"comment_status":"closed","ping_status":"closed","template":"","meta":{"_et_pb_use_builder":"","_et_pb_old_content":"","_et_gb_content_width":""},"yst_prominent_words":[193],"yoast_head":"<!-- This site is optimized with the Yoast SEO Premium plugin v14.0.4 - https:\/\/yoast.com\/wordpress\/plugins\/seo\/ -->\n<title>Enseigne lumineuse Cooper Tire - StefVintageStore<\/title>\n<meta name=\"description\" content=\"Authentique face d&#039;enseigne lumineuse Cooper Tire. Tr\u00e8s bon \u00e9tat g\u00e9n\u00e9ral pour son \u00e2ge, pas de fissures .Id\u00e9al pour un grand espace, garage, Loft, Mancave\" \/>\n<meta name=\"robots\" content=\"index, follow\" \/>\n<meta name=\"googlebot\" content=\"index, follow, max-snippet:-1, max-image-preview:large, max-video-preview:-1\" \/>\n<meta name=\"bingbot\" content=\"index, follow, max-snippet:-1, max-image-preview:large, max-video-preview:-1\" \/>\n<link rel=\"canonical\" href=\"https:\/\/stefvintagestore.com\/en\/produit\/enseigne-lumineuse-cooper-tire\/\" \/>\n<meta property=\"og:locale\" content=\"en_US\" \/>\n<meta property=\"og:type\" content=\"article\" \/>\n<meta property=\"og:title\" content=\"Enseigne lumineuse Cooper Tire - StefVintageStore\" \/>\n<meta property=\"og:description\" content=\"Authentique face d&#039;enseigne lumineuse Cooper Tire. Tr\u00e8s bon \u00e9tat g\u00e9n\u00e9ral pour son \u00e2ge, pas de fissures .Id\u00e9al pour un grand espace, garage, Loft, Mancave\" \/>\n<meta property=\"og:url\" content=\"https:\/\/stefvintagestore.com\/produit\/enseigne-lumineuse-cooper-tire\/\" \/>\n<meta property=\"og:site_name\" content=\"StefVintageStore\" \/>\n<meta property=\"article:modified_time\" content=\"2026-03-05T15:31:41+00:00\" \/>\n<meta property=\"og:image\" content=\"https:\/\/stefvintagestore.com\/wp-content\/uploads\/2026\/03\/IMG_2636-scaled.jpg\" \/>\n\t<meta property=\"og:image:width\" content=\"2560\" \/>\n\t<meta property=\"og:image:height\" content=\"1920\" \/>\n<meta name=\"twitter:card\" content=\"summary_large_image\" \/>\n<script type=\"application\/ld+json\" class=\"yoast-schema-graph\">{\"@context\":\"https:\/\/schema.org\",\"@graph\":[{\"@type\":\"WebSite\",\"@id\":\"https:\/\/stefvintagestore.com\/en\/#website\",\"url\":\"https:\/\/stefvintagestore.com\/en\/\",\"name\":\"Stef Vintage Store\",\"description\":\"Votre magasin de d\\u00e9coration vintage en ligne\",\"potentialAction\":[{\"@type\":\"SearchAction\",\"target\":\"https:\/\/stefvintagestore.com\/en\/?s={search_term_string}\",\"query-input\":\"required name=search_term_string\"}],\"inLanguage\":\"en-US\"},{\"@type\":\"ImageObject\",\"@id\":\"https:\/\/stefvintagestore.com\/produit\/enseigne-lumineuse-cooper-tire\/#primaryimage\",\"inLanguage\":\"en-US\",\"url\":\"https:\/\/stefvintagestore.com\/wp-content\/uploads\/2026\/03\/IMG_2636-scaled.jpg\",\"width\":2560,\"height\":1920,\"caption\":\"Enseigne lumineuse Cooper Tire\"},{\"@type\":\"WebPage\",\"@id\":\"https:\/\/stefvintagestore.com\/produit\/enseigne-lumineuse-cooper-tire\/#webpage\",\"url\":\"https:\/\/stefvintagestore.com\/produit\/enseigne-lumineuse-cooper-tire\/\",\"name\":\"Enseigne lumineuse Cooper Tire - StefVintageStore\",\"isPartOf\":{\"@id\":\"https:\/\/stefvintagestore.com\/en\/#website\"},\"primaryImageOfPage\":{\"@id\":\"https:\/\/stefvintagestore.com\/produit\/enseigne-lumineuse-cooper-tire\/#primaryimage\"},\"datePublished\":\"2026-03-05T15:29:00+00:00\",\"dateModified\":\"2026-03-05T15:31:41+00:00\",\"description\":\"Authentique face d'enseigne lumineuse Cooper Tire. Tr\\u00e8s bon \\u00e9tat g\\u00e9n\\u00e9ral pour son \\u00e2ge, pas de fissures .Id\\u00e9al pour un grand espace, garage, Loft, Mancave\",\"inLanguage\":\"en-US\",\"potentialAction\":[{\"@type\":\"ReadAction\",\"target\":[\"https:\/\/stefvintagestore.com\/produit\/enseigne-lumineuse-cooper-tire\/\"]}]}]}<\/script>\n<!-- \/ Yoast SEO Premium plugin. -->","_links":{"self":[{"href":"https:\/\/stefvintagestore.com\/en\/wp-json\/wp\/v2\/product\/17611"}],"collection":[{"href":"https:\/\/stefvintagestore.com\/en\/wp-json\/wp\/v2\/product"}],"about":[{"href":"https:\/\/stefvintagestore.com\/en\/wp-json\/wp\/v2\/types\/product"}],"replies":[{"embeddable":true,"href":"https:\/\/stefvintagestore.com\/en\/wp-json\/wp\/v2\/comments?post=17611"}],"wp:featuredmedia":[{"embeddable":true,"href":"https:\/\/stefvintagestore.com\/en\/wp-json\/wp\/v2\/media\/17612"}],"wp:attachment":[{"href":"https:\/\/stefvintagestore.com\/en\/wp-json\/wp\/v2\/media?parent=17611"}],"wp:term":[{"taxonomy":"yst_prominent_words","embeddable":true,"href":"https:\/\/stefvintagestore.com\/en\/wp-json\/wp\/v2\/yst_prominent_words?post=17611"}],"curies":[{"name":"wp","href":"https:\/\/api.w.org\/{rel}","templated":true}]}}