{"id":17665,"date":"2026-03-05T21:41:58","date_gmt":"2026-03-05T21:41:58","guid":{"rendered":"https:\/\/stefvintagestore.com\/?post_type=product&#038;p=17665"},"modified":"2026-03-05T21:41:58","modified_gmt":"2026-03-05T21:41:58","slug":"distributeur-coca-cola-vendo-junior-123-des-annees-1940","status":"publish","type":"product","link":"https:\/\/stefvintagestore.com\/en\/produit\/distributeur-coca-cola-vendo-junior-123-des-annees-1940\/","title":{"rendered":"Distributeur Coca-Cola Vendo Junior 123 des ann\u00e9es 1940"},"content":{"rendered":"<p>Distributeur Coca-Cola Vendo Junior 123 des ann\u00e9es 1940.<br \/>\nil peut servir de glaci\u00e8re , le moteur n&#8217;est plus pr\u00e9sent<br \/>\ndimensions: hauteur 112 cm &#8211; Largeur 46 cm &#8211; profondeur 71 cm<\/p>\n<p>&nbsp;<\/p>\n","protected":false},"excerpt":{"rendered":"<p>Distributeur Coca-Cola Vendo Junior 123 des ann\u00e9es 1940.<br \/>\nil peut servir de glaci\u00e8re , le moteur n&#8217;est plus pr\u00e9sent<br \/>\ndimensions: hauteur 112 cm &#8211; Largeur 46 cm &#8211; profondeur 71 cm<\/p>\n","protected":false},"featured_media":17666,"comment_status":"closed","ping_status":"closed","template":"","meta":{"_et_pb_use_builder":"","_et_pb_old_content":"","_et_gb_content_width":""},"yst_prominent_words":[193],"yoast_head":"<!-- This site is optimized with the Yoast SEO Premium plugin v14.0.4 - https:\/\/yoast.com\/wordpress\/plugins\/seo\/ -->\n<title>Distributeur Coca-Cola Vendo Junior 123 des ann\u00e9es 1940<\/title>\n<meta name=\"description\" content=\"Distributeur Coca-Cola Vendo Junior 123 des ann\u00e9es 1940.il peut servir de glaci\u00e8re , le moteur n&#039;est plus pr\u00e9sent dimensions: h 112 cm - L 46 cm - P 71 cm\" \/>\n<meta name=\"robots\" content=\"index, follow\" \/>\n<meta name=\"googlebot\" content=\"index, follow, max-snippet:-1, max-image-preview:large, max-video-preview:-1\" \/>\n<meta name=\"bingbot\" content=\"index, follow, max-snippet:-1, max-image-preview:large, max-video-preview:-1\" \/>\n<link rel=\"canonical\" href=\"https:\/\/stefvintagestore.com\/en\/produit\/distributeur-coca-cola-vendo-junior-123-des-annees-1940\/\" \/>\n<meta property=\"og:locale\" content=\"en_US\" \/>\n<meta property=\"og:type\" content=\"article\" \/>\n<meta property=\"og:title\" content=\"Distributeur Coca-Cola Vendo Junior 123 des ann\u00e9es 1940\" \/>\n<meta property=\"og:description\" content=\"Distributeur Coca-Cola Vendo Junior 123 des ann\u00e9es 1940.il peut servir de glaci\u00e8re , le moteur n&#039;est plus pr\u00e9sent dimensions: h 112 cm - L 46 cm - P 71 cm\" \/>\n<meta property=\"og:url\" content=\"https:\/\/stefvintagestore.com\/produit\/distributeur-coca-cola-vendo-junior-123-des-annees-1940\/\" \/>\n<meta property=\"og:site_name\" content=\"StefVintageStore\" \/>\n<meta property=\"og:image\" content=\"https:\/\/stefvintagestore.com\/wp-content\/uploads\/2026\/03\/IMG_3935.jpg\" \/>\n\t<meta property=\"og:image:width\" content=\"1512\" \/>\n\t<meta property=\"og:image:height\" content=\"2016\" \/>\n<meta name=\"twitter:card\" content=\"summary_large_image\" \/>\n<script type=\"application\/ld+json\" class=\"yoast-schema-graph\">{\"@context\":\"https:\/\/schema.org\",\"@graph\":[{\"@type\":\"WebSite\",\"@id\":\"https:\/\/stefvintagestore.com\/en\/#website\",\"url\":\"https:\/\/stefvintagestore.com\/en\/\",\"name\":\"Stef Vintage Store\",\"description\":\"Votre magasin de d\\u00e9coration vintage en ligne\",\"potentialAction\":[{\"@type\":\"SearchAction\",\"target\":\"https:\/\/stefvintagestore.com\/en\/?s={search_term_string}\",\"query-input\":\"required name=search_term_string\"}],\"inLanguage\":\"en-US\"},{\"@type\":\"ImageObject\",\"@id\":\"https:\/\/stefvintagestore.com\/produit\/distributeur-coca-cola-vendo-junior-123-des-annees-1940\/#primaryimage\",\"inLanguage\":\"en-US\",\"url\":\"https:\/\/stefvintagestore.com\/wp-content\/uploads\/2026\/03\/IMG_3935.jpg\",\"width\":1512,\"height\":2016,\"caption\":\"Distributeur Coca-Cola Vendo Junior 123 des ann\\u00e9es 1940\"},{\"@type\":\"WebPage\",\"@id\":\"https:\/\/stefvintagestore.com\/produit\/distributeur-coca-cola-vendo-junior-123-des-annees-1940\/#webpage\",\"url\":\"https:\/\/stefvintagestore.com\/produit\/distributeur-coca-cola-vendo-junior-123-des-annees-1940\/\",\"name\":\"Distributeur Coca-Cola Vendo Junior 123 des ann\\u00e9es 1940\",\"isPartOf\":{\"@id\":\"https:\/\/stefvintagestore.com\/en\/#website\"},\"primaryImageOfPage\":{\"@id\":\"https:\/\/stefvintagestore.com\/produit\/distributeur-coca-cola-vendo-junior-123-des-annees-1940\/#primaryimage\"},\"datePublished\":\"2026-03-05T21:41:58+00:00\",\"dateModified\":\"2026-03-05T21:41:58+00:00\",\"description\":\"Distributeur Coca-Cola Vendo Junior 123 des ann\\u00e9es 1940.il peut servir de glaci\\u00e8re , le moteur n'est plus pr\\u00e9sent dimensions: h 112 cm - L 46 cm - P 71 cm\",\"inLanguage\":\"en-US\",\"potentialAction\":[{\"@type\":\"ReadAction\",\"target\":[\"https:\/\/stefvintagestore.com\/produit\/distributeur-coca-cola-vendo-junior-123-des-annees-1940\/\"]}]}]}<\/script>\n<!-- \/ Yoast SEO Premium plugin. -->","_links":{"self":[{"href":"https:\/\/stefvintagestore.com\/en\/wp-json\/wp\/v2\/product\/17665"}],"collection":[{"href":"https:\/\/stefvintagestore.com\/en\/wp-json\/wp\/v2\/product"}],"about":[{"href":"https:\/\/stefvintagestore.com\/en\/wp-json\/wp\/v2\/types\/product"}],"replies":[{"embeddable":true,"href":"https:\/\/stefvintagestore.com\/en\/wp-json\/wp\/v2\/comments?post=17665"}],"wp:featuredmedia":[{"embeddable":true,"href":"https:\/\/stefvintagestore.com\/en\/wp-json\/wp\/v2\/media\/17666"}],"wp:attachment":[{"href":"https:\/\/stefvintagestore.com\/en\/wp-json\/wp\/v2\/media?parent=17665"}],"wp:term":[{"taxonomy":"yst_prominent_words","embeddable":true,"href":"https:\/\/stefvintagestore.com\/en\/wp-json\/wp\/v2\/yst_prominent_words?post=17665"}],"curies":[{"name":"wp","href":"https:\/\/api.w.org\/{rel}","templated":true}]}}