{"id":17711,"date":"2026-03-05T22:19:58","date_gmt":"2026-03-05T22:19:58","guid":{"rendered":"https:\/\/stefvintagestore.com\/?post_type=product&#038;p=17711"},"modified":"2026-04-11T13:08:53","modified_gmt":"2026-04-11T13:08:53","slug":"parcmetre-americain-restaure-aux-couleurs-porsche","status":"publish","type":"product","link":"https:\/\/stefvintagestore.com\/en\/produit\/parcmetre-americain-restaure-aux-couleurs-porsche\/","title":{"rendered":"Parcm\u00e8tre am\u00e9ricain restaur\u00e9 aux couleurs Porsche"},"content":{"rendered":"<p style=\"font-weight: 400;\">Parcm\u00e8tre am\u00e9ricain restaur\u00e9 aux couleurs Porsche<br \/>\nVeritable parcmeter am\u00e9ricain des ann\u00e9es 60 avec son pied , il a \u00e9t\u00e9 restaur\u00e9<br \/>\nDimensions: Hauteur 157 cm<\/p>\n<p>exp\u00e9dition en suppl\u00e9ment<\/p>\n","protected":false},"excerpt":{"rendered":"<p style=\"font-weight: 400;\">Parcm\u00e8tre am\u00e9ricain restaur\u00e9 aux couleurs Porsche<br \/>\nVeritable parcmeter am\u00e9ricain des ann\u00e9es 60 avec son pied , il a \u00e9t\u00e9 restaur\u00e9<br \/>\nDimensions: Hauteur 157 cm<\/p>\n<p>exp\u00e9dition en suppl\u00e9ment<\/p>\n","protected":false},"featured_media":17712,"comment_status":"closed","ping_status":"closed","template":"","meta":{"_et_pb_use_builder":"","_et_pb_old_content":"","_et_gb_content_width":""},"yst_prominent_words":[242],"yoast_head":"<!-- This site is optimized with the Yoast SEO Premium plugin v14.0.4 - https:\/\/yoast.com\/wordpress\/plugins\/seo\/ -->\n<title>Parcm\u00e8tre am\u00e9ricain restaur\u00e9 aux couleurs Porsche - StefVintageStore<\/title>\n<meta name=\"description\" content=\"Parcm\u00e8tre am\u00e9ricain restaur\u00e9 aux couleurs PorscheVeritable parcmeter am\u00e9ricain des ann\u00e9es 60 avec son pied , il a \u00e9t\u00e9 restaur\u00e9 Dimensions: Hauteur 157 cm\" \/>\n<meta name=\"robots\" content=\"index, follow\" \/>\n<meta name=\"googlebot\" content=\"index, follow, max-snippet:-1, max-image-preview:large, max-video-preview:-1\" \/>\n<meta name=\"bingbot\" content=\"index, follow, max-snippet:-1, max-image-preview:large, max-video-preview:-1\" \/>\n<link rel=\"canonical\" href=\"https:\/\/stefvintagestore.com\/en\/produit\/parcmetre-americain-restaure-aux-couleurs-porsche\/\" \/>\n<meta property=\"og:locale\" content=\"en_US\" \/>\n<meta property=\"og:type\" content=\"article\" \/>\n<meta property=\"og:title\" content=\"Parcm\u00e8tre am\u00e9ricain restaur\u00e9 aux couleurs Porsche - StefVintageStore\" \/>\n<meta property=\"og:description\" content=\"Parcm\u00e8tre am\u00e9ricain restaur\u00e9 aux couleurs PorscheVeritable parcmeter am\u00e9ricain des ann\u00e9es 60 avec son pied , il a \u00e9t\u00e9 restaur\u00e9 Dimensions: Hauteur 157 cm\" \/>\n<meta property=\"og:url\" content=\"https:\/\/stefvintagestore.com\/produit\/parcmetre-americain-restaure-aux-couleurs-porsche\/\" \/>\n<meta property=\"og:site_name\" content=\"StefVintageStore\" \/>\n<meta property=\"article:modified_time\" content=\"2026-04-11T13:08:53+00:00\" \/>\n<meta property=\"og:image\" content=\"https:\/\/stefvintagestore.com\/wp-content\/uploads\/2026\/03\/IMG_8635-scaled.jpg\" \/>\n\t<meta property=\"og:image:width\" content=\"1920\" \/>\n\t<meta property=\"og:image:height\" content=\"2560\" \/>\n<meta name=\"twitter:card\" content=\"summary_large_image\" \/>\n<script type=\"application\/ld+json\" class=\"yoast-schema-graph\">{\"@context\":\"https:\/\/schema.org\",\"@graph\":[{\"@type\":\"WebSite\",\"@id\":\"https:\/\/stefvintagestore.com\/en\/#website\",\"url\":\"https:\/\/stefvintagestore.com\/en\/\",\"name\":\"Stef Vintage Store\",\"description\":\"Votre magasin de d\\u00e9coration vintage en ligne\",\"potentialAction\":[{\"@type\":\"SearchAction\",\"target\":\"https:\/\/stefvintagestore.com\/en\/?s={search_term_string}\",\"query-input\":\"required name=search_term_string\"}],\"inLanguage\":\"en-US\"},{\"@type\":\"ImageObject\",\"@id\":\"https:\/\/stefvintagestore.com\/produit\/parcmetre-americain-restaure-aux-couleurs-porsche\/#primaryimage\",\"inLanguage\":\"en-US\",\"url\":\"https:\/\/stefvintagestore.com\/wp-content\/uploads\/2026\/03\/IMG_8635-scaled.jpg\",\"width\":1920,\"height\":2560,\"caption\":\"Parcm\\u00e8tre am\\u00e9ricain restaur\\u00e9 aux couleurs Porsche\"},{\"@type\":\"WebPage\",\"@id\":\"https:\/\/stefvintagestore.com\/produit\/parcmetre-americain-restaure-aux-couleurs-porsche\/#webpage\",\"url\":\"https:\/\/stefvintagestore.com\/produit\/parcmetre-americain-restaure-aux-couleurs-porsche\/\",\"name\":\"Parcm\\u00e8tre am\\u00e9ricain restaur\\u00e9 aux couleurs Porsche - StefVintageStore\",\"isPartOf\":{\"@id\":\"https:\/\/stefvintagestore.com\/en\/#website\"},\"primaryImageOfPage\":{\"@id\":\"https:\/\/stefvintagestore.com\/produit\/parcmetre-americain-restaure-aux-couleurs-porsche\/#primaryimage\"},\"datePublished\":\"2026-03-05T22:19:58+00:00\",\"dateModified\":\"2026-04-11T13:08:53+00:00\",\"description\":\"Parcm\\u00e8tre am\\u00e9ricain restaur\\u00e9 aux couleurs PorscheVeritable parcmeter am\\u00e9ricain des ann\\u00e9es 60 avec son pied , il a \\u00e9t\\u00e9 restaur\\u00e9 Dimensions: Hauteur 157 cm\",\"inLanguage\":\"en-US\",\"potentialAction\":[{\"@type\":\"ReadAction\",\"target\":[\"https:\/\/stefvintagestore.com\/produit\/parcmetre-americain-restaure-aux-couleurs-porsche\/\"]}]}]}<\/script>\n<!-- \/ Yoast SEO Premium plugin. -->","_links":{"self":[{"href":"https:\/\/stefvintagestore.com\/en\/wp-json\/wp\/v2\/product\/17711"}],"collection":[{"href":"https:\/\/stefvintagestore.com\/en\/wp-json\/wp\/v2\/product"}],"about":[{"href":"https:\/\/stefvintagestore.com\/en\/wp-json\/wp\/v2\/types\/product"}],"replies":[{"embeddable":true,"href":"https:\/\/stefvintagestore.com\/en\/wp-json\/wp\/v2\/comments?post=17711"}],"wp:featuredmedia":[{"embeddable":true,"href":"https:\/\/stefvintagestore.com\/en\/wp-json\/wp\/v2\/media\/17712"}],"wp:attachment":[{"href":"https:\/\/stefvintagestore.com\/en\/wp-json\/wp\/v2\/media?parent=17711"}],"wp:term":[{"taxonomy":"yst_prominent_words","embeddable":true,"href":"https:\/\/stefvintagestore.com\/en\/wp-json\/wp\/v2\/yst_prominent_words?post=17711"}],"curies":[{"name":"wp","href":"https:\/\/api.w.org\/{rel}","templated":true}]}}