{"id":17721,"date":"2026-03-05T22:26:39","date_gmt":"2026-03-05T22:26:39","guid":{"rendered":"https:\/\/stefvintagestore.com\/?post_type=product&#038;p=17721"},"modified":"2026-03-05T22:29:52","modified_gmt":"2026-03-05T22:29:52","slug":"remorque-realisee-a-partir-dune-vraie-chevrolet-bel-air-de-1957","status":"publish","type":"product","link":"https:\/\/stefvintagestore.com\/en\/produit\/remorque-realisee-a-partir-dune-vraie-chevrolet-bel-air-de-1957\/","title":{"rendered":"remorque r\u00e9alis\u00e9e \u00e0 partir d&#8217;une vraie chevrolet Bel Air de 1957"},"content":{"rendered":"<p style=\"font-weight: 400;\">remorque r\u00e9alis\u00e9e \u00e0 partir d&#8217;une vraie chevrolet Bel Air de 1957<br \/>\nRemoque r\u00e9alis\u00e9e \u00e0 partir d\u2019un vrai chevrolet Bel Air de 1957 , le ch\u00e2ssis est en acier galvanis\u00e9, elle p\u00e8se moins de 750 kg donc pas besoin d\u2019homologation pour rouler avec. Objet id\u00e9al pour faire la promotion de son magasin, faire un coffeeshop mobile, food truck\u2026..<br \/>\nDimension : hauteur 168 cm , largeur 186 cm , longeur total 3,6 m\u00e8tres ( le timont mesure 106 cm )<\/p>\n<p>expedition possible en supl\u00e9ment<\/p>\n","protected":false},"excerpt":{"rendered":"<p style=\"font-weight: 400;\">remorque r\u00e9alis\u00e9e \u00e0 partir d&#8217;une vraie chevrolet Bel Air de 1957<br \/>\nRemoque r\u00e9alis\u00e9e \u00e0 partir d\u2019un vrai chevrolet Bel Air de 1957 , le ch\u00e2ssis est en acier galvanis\u00e9, elle p\u00e8se moins de 750 kg donc pas besoin d\u2019homologation pour rouler avec. Objet id\u00e9al pour faire la promotion de son magasin, faire un coffeeshop mobile, food truck\u2026..<br \/>\nDimension : hauteur 168 cm , largeur 186 cm , longeur total 3,6 m\u00e8tres ( le timont mesure 106 cm )<\/p>\n<p>expedition possible en supl\u00e9ment<\/p>\n","protected":false},"featured_media":17722,"comment_status":"closed","ping_status":"closed","template":"","meta":{"_et_pb_use_builder":"","_et_pb_old_content":"","_et_gb_content_width":""},"yst_prominent_words":[193,258,614,817],"yoast_head":"<!-- This site is optimized with the Yoast SEO Premium plugin v14.0.4 - https:\/\/yoast.com\/wordpress\/plugins\/seo\/ -->\n<title>remorque r\u00e9alis\u00e9e \u00e0 partir d&#039;une vraie chevalet Bel Air de 1957<\/title>\n<meta name=\"description\" content=\"remorque r\u00e9alis\u00e9e \u00e0 partir d&#039;une vraie chevrolet Bel Air de 1957Remoque r\u00e9alis\u00e9e \u00e0 partir d\u2019un vrai chevrolet Bel Air de 1957 , le ch\u00e2ssis est en acier\" \/>\n<meta name=\"robots\" content=\"index, follow\" \/>\n<meta name=\"googlebot\" content=\"index, follow, max-snippet:-1, max-image-preview:large, max-video-preview:-1\" \/>\n<meta name=\"bingbot\" content=\"index, follow, max-snippet:-1, max-image-preview:large, max-video-preview:-1\" \/>\n<link rel=\"canonical\" href=\"https:\/\/stefvintagestore.com\/en\/produit\/remorque-realisee-a-partir-dune-vraie-chevrolet-bel-air-de-1957\/\" \/>\n<meta property=\"og:locale\" content=\"en_US\" \/>\n<meta property=\"og:type\" content=\"article\" \/>\n<meta property=\"og:title\" content=\"remorque r\u00e9alis\u00e9e \u00e0 partir d&#039;une vraie chevalet Bel Air de 1957\" \/>\n<meta property=\"og:description\" content=\"remorque r\u00e9alis\u00e9e \u00e0 partir d&#039;une vraie chevrolet Bel Air de 1957Remoque r\u00e9alis\u00e9e \u00e0 partir d\u2019un vrai chevrolet Bel Air de 1957 , le ch\u00e2ssis est en acier\" \/>\n<meta property=\"og:url\" content=\"https:\/\/stefvintagestore.com\/produit\/remorque-realisee-a-partir-dune-vraie-chevrolet-bel-air-de-1957\/\" \/>\n<meta property=\"og:site_name\" content=\"StefVintageStore\" \/>\n<meta property=\"article:modified_time\" content=\"2026-03-05T22:29:52+00:00\" \/>\n<meta property=\"og:image\" content=\"https:\/\/stefvintagestore.com\/wp-content\/uploads\/2026\/03\/IMG_8820.jpg\" \/>\n\t<meta property=\"og:image:width\" content=\"2016\" \/>\n\t<meta property=\"og:image:height\" content=\"1512\" \/>\n<meta name=\"twitter:card\" content=\"summary_large_image\" \/>\n<script type=\"application\/ld+json\" class=\"yoast-schema-graph\">{\"@context\":\"https:\/\/schema.org\",\"@graph\":[{\"@type\":\"WebSite\",\"@id\":\"https:\/\/stefvintagestore.com\/en\/#website\",\"url\":\"https:\/\/stefvintagestore.com\/en\/\",\"name\":\"Stef Vintage Store\",\"description\":\"Votre magasin de d\\u00e9coration vintage en ligne\",\"potentialAction\":[{\"@type\":\"SearchAction\",\"target\":\"https:\/\/stefvintagestore.com\/en\/?s={search_term_string}\",\"query-input\":\"required name=search_term_string\"}],\"inLanguage\":\"en-US\"},{\"@type\":\"ImageObject\",\"@id\":\"https:\/\/stefvintagestore.com\/produit\/remorque-realisee-a-partir-dune-vraie-chevrolet-bel-air-de-1957\/#primaryimage\",\"inLanguage\":\"en-US\",\"url\":\"https:\/\/stefvintagestore.com\/wp-content\/uploads\/2026\/03\/IMG_8820.jpg\",\"width\":2016,\"height\":1512,\"caption\":\"remorque chevrolet Bel Air de 1957\"},{\"@type\":\"WebPage\",\"@id\":\"https:\/\/stefvintagestore.com\/produit\/remorque-realisee-a-partir-dune-vraie-chevrolet-bel-air-de-1957\/#webpage\",\"url\":\"https:\/\/stefvintagestore.com\/produit\/remorque-realisee-a-partir-dune-vraie-chevrolet-bel-air-de-1957\/\",\"name\":\"remorque r\\u00e9alis\\u00e9e \\u00e0 partir d'une vraie chevalet Bel Air de 1957\",\"isPartOf\":{\"@id\":\"https:\/\/stefvintagestore.com\/en\/#website\"},\"primaryImageOfPage\":{\"@id\":\"https:\/\/stefvintagestore.com\/produit\/remorque-realisee-a-partir-dune-vraie-chevrolet-bel-air-de-1957\/#primaryimage\"},\"datePublished\":\"2026-03-05T22:26:39+00:00\",\"dateModified\":\"2026-03-05T22:29:52+00:00\",\"description\":\"remorque r\\u00e9alis\\u00e9e \\u00e0 partir d'une vraie chevrolet Bel Air de 1957Remoque r\\u00e9alis\\u00e9e \\u00e0 partir d\\u2019un vrai chevrolet Bel Air de 1957 , le ch\\u00e2ssis est en acier\",\"inLanguage\":\"en-US\",\"potentialAction\":[{\"@type\":\"ReadAction\",\"target\":[\"https:\/\/stefvintagestore.com\/produit\/remorque-realisee-a-partir-dune-vraie-chevrolet-bel-air-de-1957\/\"]}]}]}<\/script>\n<!-- \/ Yoast SEO Premium plugin. -->","_links":{"self":[{"href":"https:\/\/stefvintagestore.com\/en\/wp-json\/wp\/v2\/product\/17721"}],"collection":[{"href":"https:\/\/stefvintagestore.com\/en\/wp-json\/wp\/v2\/product"}],"about":[{"href":"https:\/\/stefvintagestore.com\/en\/wp-json\/wp\/v2\/types\/product"}],"replies":[{"embeddable":true,"href":"https:\/\/stefvintagestore.com\/en\/wp-json\/wp\/v2\/comments?post=17721"}],"wp:featuredmedia":[{"embeddable":true,"href":"https:\/\/stefvintagestore.com\/en\/wp-json\/wp\/v2\/media\/17722"}],"wp:attachment":[{"href":"https:\/\/stefvintagestore.com\/en\/wp-json\/wp\/v2\/media?parent=17721"}],"wp:term":[{"taxonomy":"yst_prominent_words","embeddable":true,"href":"https:\/\/stefvintagestore.com\/en\/wp-json\/wp\/v2\/yst_prominent_words?post=17721"}],"curies":[{"name":"wp","href":"https:\/\/api.w.org\/{rel}","templated":true}]}}