{"id":17758,"date":"2026-03-05T22:41:26","date_gmt":"2026-03-05T22:41:26","guid":{"rendered":"https:\/\/stefvintagestore.com\/?post_type=product&#038;p=17758"},"modified":"2026-03-05T22:44:06","modified_gmt":"2026-03-05T22:44:06","slug":"statue-mario-bros-pop-art-en-polyester-180cm","status":"publish","type":"product","link":"https:\/\/stefvintagestore.com\/en\/produit\/statue-mario-bros-pop-art-en-polyester-180cm\/","title":{"rendered":"Statue Mario Bros pop art en polyester 180cm"},"content":{"rendered":"<p style=\"font-weight: 400;\">Statue Mario Bros pop art en polyester<br \/>\nPi\u00e8ces uniques r\u00e9alis\u00e9es en polyester, peinture noire matt<br \/>\nutilisation : l\u2019int\u00e9rieur et l\u2019ext\u00e9rieur<br \/>\nHauteur 180 cm<br \/>\nPoids +\/- 25 kg<\/p>\n<p>expedition possible en suppl\u00e9ment<\/p>\n","protected":false},"excerpt":{"rendered":"<p style=\"font-weight: 400;\">Statue Mario Bros pop art en polyester<br \/>\nPi\u00e8ces uniques r\u00e9alis\u00e9es en polyester, peinture noire matt<br \/>\nutilisation : l\u2019int\u00e9rieur et l\u2019ext\u00e9rieur<br \/>\nHauteur 180 cm<br \/>\nPoids +\/- 25 kg<\/p>\n<p>expedition possible en suppl\u00e9ment<\/p>\n","protected":false},"featured_media":17767,"comment_status":"closed","ping_status":"closed","template":"","meta":{"_et_pb_use_builder":"","_et_pb_old_content":"","_et_gb_content_width":""},"yst_prominent_words":[],"yoast_head":"<!-- This site is optimized with the Yoast SEO Premium plugin v14.0.4 - https:\/\/yoast.com\/wordpress\/plugins\/seo\/ -->\n<title>Statue Mario Bros pop art en polyester 180cm - StefVintageStore<\/title>\n<meta name=\"description\" content=\"Statue Mario Bros pop art en polyester Pi\u00e8ces uniques r\u00e9alis\u00e9es en polyester, peinture noire mattutilisation : l\u2019int\u00e9rieur et l\u2019ext\u00e9rieurHauteur 180 cm\" \/>\n<meta name=\"robots\" content=\"index, follow\" \/>\n<meta name=\"googlebot\" content=\"index, follow, max-snippet:-1, max-image-preview:large, max-video-preview:-1\" \/>\n<meta name=\"bingbot\" content=\"index, follow, max-snippet:-1, max-image-preview:large, max-video-preview:-1\" \/>\n<link rel=\"canonical\" href=\"https:\/\/stefvintagestore.com\/en\/produit\/statue-mario-bros-pop-art-en-polyester-180cm\/\" \/>\n<meta property=\"og:locale\" content=\"en_US\" \/>\n<meta property=\"og:type\" content=\"article\" \/>\n<meta property=\"og:title\" content=\"Statue Mario Bros pop art en polyester 180cm - StefVintageStore\" \/>\n<meta property=\"og:description\" content=\"Statue Mario Bros pop art en polyester Pi\u00e8ces uniques r\u00e9alis\u00e9es en polyester, peinture noire mattutilisation : l\u2019int\u00e9rieur et l\u2019ext\u00e9rieurHauteur 180 cm\" \/>\n<meta property=\"og:url\" content=\"https:\/\/stefvintagestore.com\/produit\/statue-mario-bros-pop-art-en-polyester-180cm\/\" \/>\n<meta property=\"og:site_name\" content=\"StefVintageStore\" \/>\n<meta property=\"article:modified_time\" content=\"2026-03-05T22:44:06+00:00\" \/>\n<meta property=\"og:image\" content=\"https:\/\/stefvintagestore.com\/wp-content\/uploads\/2026\/03\/photos-1--scaled.jpg\" \/>\n\t<meta property=\"og:image:width\" content=\"1920\" \/>\n\t<meta property=\"og:image:height\" content=\"2560\" \/>\n<meta name=\"twitter:card\" content=\"summary_large_image\" \/>\n<script type=\"application\/ld+json\" class=\"yoast-schema-graph\">{\"@context\":\"https:\/\/schema.org\",\"@graph\":[{\"@type\":\"WebSite\",\"@id\":\"https:\/\/stefvintagestore.com\/en\/#website\",\"url\":\"https:\/\/stefvintagestore.com\/en\/\",\"name\":\"Stef Vintage Store\",\"description\":\"Votre magasin de d\\u00e9coration vintage en ligne\",\"potentialAction\":[{\"@type\":\"SearchAction\",\"target\":\"https:\/\/stefvintagestore.com\/en\/?s={search_term_string}\",\"query-input\":\"required name=search_term_string\"}],\"inLanguage\":\"en-US\"},{\"@type\":\"ImageObject\",\"@id\":\"https:\/\/stefvintagestore.com\/produit\/statue-mario-bros-pop-art-en-polyester-180cm\/#primaryimage\",\"inLanguage\":\"en-US\",\"url\":\"https:\/\/stefvintagestore.com\/wp-content\/uploads\/2026\/03\/photos-1--scaled.jpg\",\"width\":1920,\"height\":2560,\"caption\":\"Statue Mario Bros pop art en polyester\"},{\"@type\":\"WebPage\",\"@id\":\"https:\/\/stefvintagestore.com\/produit\/statue-mario-bros-pop-art-en-polyester-180cm\/#webpage\",\"url\":\"https:\/\/stefvintagestore.com\/produit\/statue-mario-bros-pop-art-en-polyester-180cm\/\",\"name\":\"Statue Mario Bros pop art en polyester 180cm - StefVintageStore\",\"isPartOf\":{\"@id\":\"https:\/\/stefvintagestore.com\/en\/#website\"},\"primaryImageOfPage\":{\"@id\":\"https:\/\/stefvintagestore.com\/produit\/statue-mario-bros-pop-art-en-polyester-180cm\/#primaryimage\"},\"datePublished\":\"2026-03-05T22:41:26+00:00\",\"dateModified\":\"2026-03-05T22:44:06+00:00\",\"description\":\"Statue Mario Bros pop art en polyester Pi\\u00e8ces uniques r\\u00e9alis\\u00e9es en polyester, peinture noire mattutilisation : l\\u2019int\\u00e9rieur et l\\u2019ext\\u00e9rieurHauteur 180 cm\",\"inLanguage\":\"en-US\",\"potentialAction\":[{\"@type\":\"ReadAction\",\"target\":[\"https:\/\/stefvintagestore.com\/produit\/statue-mario-bros-pop-art-en-polyester-180cm\/\"]}]}]}<\/script>\n<!-- \/ Yoast SEO Premium plugin. -->","_links":{"self":[{"href":"https:\/\/stefvintagestore.com\/en\/wp-json\/wp\/v2\/product\/17758"}],"collection":[{"href":"https:\/\/stefvintagestore.com\/en\/wp-json\/wp\/v2\/product"}],"about":[{"href":"https:\/\/stefvintagestore.com\/en\/wp-json\/wp\/v2\/types\/product"}],"replies":[{"embeddable":true,"href":"https:\/\/stefvintagestore.com\/en\/wp-json\/wp\/v2\/comments?post=17758"}],"wp:featuredmedia":[{"embeddable":true,"href":"https:\/\/stefvintagestore.com\/en\/wp-json\/wp\/v2\/media\/17767"}],"wp:attachment":[{"href":"https:\/\/stefvintagestore.com\/en\/wp-json\/wp\/v2\/media?parent=17758"}],"wp:term":[{"taxonomy":"yst_prominent_words","embeddable":true,"href":"https:\/\/stefvintagestore.com\/en\/wp-json\/wp\/v2\/yst_prominent_words?post=17758"}],"curies":[{"name":"wp","href":"https:\/\/api.w.org\/{rel}","templated":true}]}}