{"id":17772,"date":"2026-03-07T13:18:29","date_gmt":"2026-03-07T13:18:29","guid":{"rendered":"https:\/\/stefvintagestore.com\/?post_type=product&#038;p=17772"},"modified":"2026-03-07T13:20:25","modified_gmt":"2026-03-07T13:20:25","slug":"bar-realise-a-partir-dun-vrai-vw-bus-t1","status":"publish","type":"product","link":"https:\/\/stefvintagestore.com\/en\/produit\/bar-realise-a-partir-dun-vrai-vw-bus-t1\/","title":{"rendered":"Bar r\u00e9alis\u00e9 \u00e0 partir d&#8217;un vrai VW bus T1"},"content":{"rendered":"<p>Bar r\u00e9alis\u00e9 \u00e0 partir d&#8217;un vrai VW bus T1.<br \/>\nToutes les pi\u00e8ces du bus sont authentiques et en m\u00e9tal.<br \/>\nPeinture carrosserie voiture .<br \/>\nLes phares s&#8217;allument .<br \/>\nDimensions:<\/p>\n<p>Retrait en magasin uniquement<\/p>\n","protected":false},"excerpt":{"rendered":"<p>Bar r\u00e9alis\u00e9 \u00e0 partir d&#8217;un vrai VW bus T1.<br \/>\nToutes les pi\u00e8ces du bus sont authentiques et en m\u00e9tal.<br \/>\nPeinture carrosserie voiture .<br \/>\nLes phares s&#8217;allument .<br \/>\nDimensions:<\/p>\n<p>Retrait en magasin uniquement<\/p>\n","protected":false},"featured_media":17774,"comment_status":"closed","ping_status":"closed","template":"","meta":{"_et_pb_use_builder":"","_et_pb_old_content":"","_et_gb_content_width":""},"yst_prominent_words":[],"yoast_head":"<!-- This site is optimized with the Yoast SEO Premium plugin v14.0.4 - https:\/\/yoast.com\/wordpress\/plugins\/seo\/ -->\n<title>Bar r\u00e9alis\u00e9 \u00e0 partir d&#039;un vrai VW bus T1 - StefVintageStore<\/title>\n<meta name=\"description\" content=\"Bar r\u00e9alis\u00e9 \u00e0 partir d&#039;un vrai VW bus T1.Toutes les pi\u00e8ces du bus sont authentiques et en m\u00e9tal. Peinture carrosserie voiture. Les phares s&#039;allument\" \/>\n<meta name=\"robots\" content=\"index, follow\" \/>\n<meta name=\"googlebot\" content=\"index, follow, max-snippet:-1, max-image-preview:large, max-video-preview:-1\" \/>\n<meta name=\"bingbot\" content=\"index, follow, max-snippet:-1, max-image-preview:large, max-video-preview:-1\" \/>\n<link rel=\"canonical\" href=\"https:\/\/stefvintagestore.com\/en\/produit\/bar-realise-a-partir-dun-vrai-vw-bus-t1\/\" \/>\n<meta property=\"og:locale\" content=\"en_US\" \/>\n<meta property=\"og:type\" content=\"article\" \/>\n<meta property=\"og:title\" content=\"Bar r\u00e9alis\u00e9 \u00e0 partir d&#039;un vrai VW bus T1 - StefVintageStore\" \/>\n<meta property=\"og:description\" content=\"Bar r\u00e9alis\u00e9 \u00e0 partir d&#039;un vrai VW bus T1.Toutes les pi\u00e8ces du bus sont authentiques et en m\u00e9tal. Peinture carrosserie voiture. Les phares s&#039;allument\" \/>\n<meta property=\"og:url\" content=\"https:\/\/stefvintagestore.com\/produit\/bar-realise-a-partir-dun-vrai-vw-bus-t1\/\" \/>\n<meta property=\"og:site_name\" content=\"StefVintageStore\" \/>\n<meta property=\"article:modified_time\" content=\"2026-03-07T13:20:25+00:00\" \/>\n<meta property=\"og:image\" content=\"https:\/\/stefvintagestore.com\/wp-content\/uploads\/2026\/03\/IMG_0701-rotated.jpg\" \/>\n\t<meta property=\"og:image:width\" content=\"1512\" \/>\n\t<meta property=\"og:image:height\" content=\"2016\" \/>\n<meta name=\"twitter:card\" content=\"summary_large_image\" \/>\n<script type=\"application\/ld+json\" class=\"yoast-schema-graph\">{\"@context\":\"https:\/\/schema.org\",\"@graph\":[{\"@type\":\"WebSite\",\"@id\":\"https:\/\/stefvintagestore.com\/en\/#website\",\"url\":\"https:\/\/stefvintagestore.com\/en\/\",\"name\":\"Stef Vintage Store\",\"description\":\"Votre magasin de d\\u00e9coration vintage en ligne\",\"potentialAction\":[{\"@type\":\"SearchAction\",\"target\":\"https:\/\/stefvintagestore.com\/en\/?s={search_term_string}\",\"query-input\":\"required name=search_term_string\"}],\"inLanguage\":\"en-US\"},{\"@type\":\"ImageObject\",\"@id\":\"https:\/\/stefvintagestore.com\/produit\/bar-realise-a-partir-dun-vrai-vw-bus-t1\/#primaryimage\",\"inLanguage\":\"en-US\",\"url\":\"https:\/\/stefvintagestore.com\/wp-content\/uploads\/2026\/03\/IMG_0701-rotated.jpg\",\"width\":1512,\"height\":2016,\"caption\":\"Bar r\\u00e9alis\\u00e9 \\u00e0 partir d'un vrai VW bus T1\"},{\"@type\":\"WebPage\",\"@id\":\"https:\/\/stefvintagestore.com\/produit\/bar-realise-a-partir-dun-vrai-vw-bus-t1\/#webpage\",\"url\":\"https:\/\/stefvintagestore.com\/produit\/bar-realise-a-partir-dun-vrai-vw-bus-t1\/\",\"name\":\"Bar r\\u00e9alis\\u00e9 \\u00e0 partir d'un vrai VW bus T1 - StefVintageStore\",\"isPartOf\":{\"@id\":\"https:\/\/stefvintagestore.com\/en\/#website\"},\"primaryImageOfPage\":{\"@id\":\"https:\/\/stefvintagestore.com\/produit\/bar-realise-a-partir-dun-vrai-vw-bus-t1\/#primaryimage\"},\"datePublished\":\"2026-03-07T13:18:29+00:00\",\"dateModified\":\"2026-03-07T13:20:25+00:00\",\"description\":\"Bar r\\u00e9alis\\u00e9 \\u00e0 partir d'un vrai VW bus T1.Toutes les pi\\u00e8ces du bus sont authentiques et en m\\u00e9tal. Peinture carrosserie voiture. Les phares s'allument\",\"inLanguage\":\"en-US\",\"potentialAction\":[{\"@type\":\"ReadAction\",\"target\":[\"https:\/\/stefvintagestore.com\/produit\/bar-realise-a-partir-dun-vrai-vw-bus-t1\/\"]}]}]}<\/script>\n<!-- \/ Yoast SEO Premium plugin. -->","_links":{"self":[{"href":"https:\/\/stefvintagestore.com\/en\/wp-json\/wp\/v2\/product\/17772"}],"collection":[{"href":"https:\/\/stefvintagestore.com\/en\/wp-json\/wp\/v2\/product"}],"about":[{"href":"https:\/\/stefvintagestore.com\/en\/wp-json\/wp\/v2\/types\/product"}],"replies":[{"embeddable":true,"href":"https:\/\/stefvintagestore.com\/en\/wp-json\/wp\/v2\/comments?post=17772"}],"wp:featuredmedia":[{"embeddable":true,"href":"https:\/\/stefvintagestore.com\/en\/wp-json\/wp\/v2\/media\/17774"}],"wp:attachment":[{"href":"https:\/\/stefvintagestore.com\/en\/wp-json\/wp\/v2\/media?parent=17772"}],"wp:term":[{"taxonomy":"yst_prominent_words","embeddable":true,"href":"https:\/\/stefvintagestore.com\/en\/wp-json\/wp\/v2\/yst_prominent_words?post=17772"}],"curies":[{"name":"wp","href":"https:\/\/api.w.org\/{rel}","templated":true}]}}