{"id":3262,"date":"2019-02-06T06:13:39","date_gmt":"2019-02-06T06:15:36","guid":{"rendered":"http:\/\/stefvintagestore.com\/produit\/cocktail-dreams-neon-sign-65cm\/"},"modified":"2025-06-11T14:47:24","modified_gmt":"2025-06-11T14:47:24","slug":"cocktail-dreams-neon-sign-65cm","status":"publish","type":"product","link":"https:\/\/stefvintagestore.com\/en\/produit\/cocktail-dreams-neon-sign-65cm\/","title":{"rendered":"Cocktail &amp; Dreams Neon sign 65cm"},"content":{"rendered":"<p>Cocktail &amp; Dreams neon sign<br \/>\n\u2013 Size : 65cm<br \/>\n\u2013 220 volts<br \/>\n-Two holes in the back for simple fixing<br \/>\n\u2013 Plug and play<\/p>\n<p>Please come and see my 650 square meter showroom (Stef vintage store) 26 avenue de l&#8217;\u00e9nergie 4432 alleur \/ belgium (by appointment only)<\/p>\n","protected":false},"excerpt":{"rendered":"<p>Cocktail &amp; Dreams neon sign<br \/>\n\u2013 Size : 65cm<br \/>\n\u2013 220 volts<br \/>\n-Two holes in the back for simple fixing<br \/>\n\u2013 Plug and play<\/p>\n<p>Please come and see my 650 square meter showroom (Stef vintage store) 26 avenue de l&#8217;\u00e9nergie 4432 alleur \/ belgium (by appointment only)<\/p>\n","protected":false},"featured_media":3255,"comment_status":"open","ping_status":"closed","template":"","meta":{"_et_pb_use_builder":"","_et_pb_old_content":"","_et_gb_content_width":""},"yst_prominent_words":[],"yoast_head":"<!-- This site is optimized with the Yoast SEO Premium plugin v14.0.4 - https:\/\/yoast.com\/wordpress\/plugins\/seo\/ -->\n<title>Cocktail &amp; Dreams Neon sign 65cm - StefVintageStore<\/title>\n<meta name=\"description\" content=\"Enseigne neon Cocktail &amp; Dreams , Stef Vintage store le sp\u00e9cialiste de l&#039;enseigne n\u00e9on vintage , le plus grands choix de d\u00e9coration am\u00e9ricaine vintage ,,,\" \/>\n<meta name=\"robots\" content=\"index, follow\" \/>\n<meta name=\"googlebot\" content=\"index, follow, max-snippet:-1, max-image-preview:large, max-video-preview:-1\" \/>\n<meta name=\"bingbot\" content=\"index, follow, max-snippet:-1, max-image-preview:large, max-video-preview:-1\" \/>\n<link rel=\"canonical\" href=\"https:\/\/stefvintagestore.com\/en\/produit\/enseigne-neon-cocktail-dreams\/\" \/>\n<meta property=\"og:locale\" content=\"en_US\" \/>\n<meta property=\"og:type\" content=\"article\" \/>\n<meta property=\"og:title\" content=\"Cocktail &amp; Dreams Neon sign 65cm - StefVintageStore\" \/>\n<meta property=\"og:description\" content=\"Enseigne neon Cocktail &amp; Dreams , Stef Vintage store le sp\u00e9cialiste de l&#039;enseigne n\u00e9on vintage , le plus grands choix de d\u00e9coration am\u00e9ricaine vintage ,,,\" \/>\n<meta property=\"og:url\" content=\"https:\/\/stefvintagestore.com\/produit\/enseigne-neon-cocktail-dreams\/\" \/>\n<meta property=\"og:site_name\" content=\"StefVintageStore\" \/>\n<meta property=\"article:modified_time\" content=\"2025-06-11T14:47:24+00:00\" \/>\n<meta property=\"og:image\" content=\"https:\/\/stefvintagestore.com\/wp-content\/uploads\/2019\/02\/enseigne-neon-Cocktails-Dreams-.jpg\" \/>\n\t<meta property=\"og:image:width\" content=\"750\" \/>\n\t<meta property=\"og:image:height\" content=\"684\" \/>\n<meta name=\"twitter:card\" content=\"summary_large_image\" \/>\n<script type=\"application\/ld+json\" class=\"yoast-schema-graph\">{\"@context\":\"https:\/\/schema.org\",\"@graph\":[{\"@type\":\"WebSite\",\"@id\":\"https:\/\/stefvintagestore.com\/en\/#website\",\"url\":\"https:\/\/stefvintagestore.com\/en\/\",\"name\":\"Stef Vintage Store\",\"description\":\"Votre magasin de d\\u00e9coration vintage en ligne\",\"potentialAction\":[{\"@type\":\"SearchAction\",\"target\":\"https:\/\/stefvintagestore.com\/en\/?s={search_term_string}\",\"query-input\":\"required name=search_term_string\"}],\"inLanguage\":\"en-US\"},{\"@type\":\"ImageObject\",\"@id\":\"https:\/\/stefvintagestore.com\/produit\/enseigne-neon-cocktail-dreams\/#primaryimage\",\"inLanguage\":\"en-US\",\"url\":\"https:\/\/stefvintagestore.com\/wp-content\/uploads\/2019\/02\/enseigne-neon-Cocktails-Dreams-.jpg\",\"width\":750,\"height\":684},{\"@type\":\"WebPage\",\"@id\":\"https:\/\/stefvintagestore.com\/produit\/enseigne-neon-cocktail-dreams\/#webpage\",\"url\":\"https:\/\/stefvintagestore.com\/produit\/enseigne-neon-cocktail-dreams\/\",\"name\":\"Cocktail &amp; Dreams Neon sign 65cm - StefVintageStore\",\"isPartOf\":{\"@id\":\"https:\/\/stefvintagestore.com\/en\/#website\"},\"primaryImageOfPage\":{\"@id\":\"https:\/\/stefvintagestore.com\/produit\/enseigne-neon-cocktail-dreams\/#primaryimage\"},\"datePublished\":\"2019-02-06T06:15:36+00:00\",\"dateModified\":\"2025-06-11T14:47:24+00:00\",\"description\":\"Enseigne neon Cocktail & Dreams , Stef Vintage store le sp\\u00e9cialiste de l'enseigne n\\u00e9on vintage , le plus grands choix de d\\u00e9coration am\\u00e9ricaine vintage ,,,\",\"inLanguage\":\"en-US\",\"potentialAction\":[{\"@type\":\"ReadAction\",\"target\":[\"https:\/\/stefvintagestore.com\/produit\/enseigne-neon-cocktail-dreams\/\"]}]}]}<\/script>\n<!-- \/ Yoast SEO Premium plugin. -->","_links":{"self":[{"href":"https:\/\/stefvintagestore.com\/en\/wp-json\/wp\/v2\/product\/3262"}],"collection":[{"href":"https:\/\/stefvintagestore.com\/en\/wp-json\/wp\/v2\/product"}],"about":[{"href":"https:\/\/stefvintagestore.com\/en\/wp-json\/wp\/v2\/types\/product"}],"replies":[{"embeddable":true,"href":"https:\/\/stefvintagestore.com\/en\/wp-json\/wp\/v2\/comments?post=3262"}],"wp:featuredmedia":[{"embeddable":true,"href":"https:\/\/stefvintagestore.com\/en\/wp-json\/wp\/v2\/media\/3255"}],"wp:attachment":[{"href":"https:\/\/stefvintagestore.com\/en\/wp-json\/wp\/v2\/media?parent=3262"}],"wp:term":[{"taxonomy":"yst_prominent_words","embeddable":true,"href":"https:\/\/stefvintagestore.com\/en\/wp-json\/wp\/v2\/yst_prominent_words?post=3262"}],"curies":[{"name":"wp","href":"https:\/\/api.w.org\/{rel}","templated":true}]}}