{"id":3454,"date":"2019-02-24T13:04:16","date_gmt":"2019-02-24T13:04:16","guid":{"rendered":"http:\/\/stefvintagestore.com\/produit\/old-gas-pump-gulf-bowser-575\/"},"modified":"2020-01-15T10:00:44","modified_gmt":"2020-01-15T10:00:44","slug":"gulf-vintage-usa-gas-pump-deco-50s-and-60s","status":"publish","type":"product","link":"https:\/\/stefvintagestore.com\/en\/produit\/gulf-vintage-usa-gas-pump-deco-50s-and-60s\/","title":{"rendered":"Gulf vintage USA gas pump: Deco 50&#8217;S and 60&#8217;S"},"content":{"rendered":"<p>Gulf vintage am\u00e9ricain gas pump, manufactured by Bowser: USA fifties and sixties decoration.<\/p>\n<p>This vintage petrol pump has been completely refurbished, car body paint, the engine has been removed for odours and weight.<\/p>\n<p>For a decoration in your Bar, Man Cave or House with an American vintage style.<\/p>\n<p>Choose the most beautiful years: 50&#8217;s and 60&#8217;s with our authentic vintage USA antique item.<\/p>\n<p>In-store pickup = Free of charge.<\/p>\n<p>Shipping possible in addition (on Europe pallet).<\/p>\n<p>All my pumps are original and authentic, they are not reproductions!<\/p>\n<p>Stef vintage store: your vintage store in cork, Belgium.<\/p>\n<p>With a 650 m 2 showroom, Stef vintage store is the largest vintage store in Belgium.<\/p>\n","protected":false},"excerpt":{"rendered":"<p>Gulf vintage am\u00e9ricain gas pump, manufactured by Bowser: USA fifties and sixties decoration.<\/p>\n<p>This vintage petrol pump has been completely refurbished, car body paint, the engine has been removed for odours and weight.<\/p>\n<p>For a decoration in your Bar, Man Cave or House with an American vintage style.<\/p>\n<p>Choose the most beautiful years: 50&#8217;s and 60&#8217;s with our authentic vintage USA antique item.<\/p>\n<p>In-store pickup = Free of charge.<\/p>\n<p>Shipping possible in addition (on Europe pallet).<\/p>\n<p>All my pumps are original and authentic, they are not reproductions!<\/p>\n<p>Stef vintage store: your vintage store in cork, Belgium.<\/p>\n<p>With a 650 m 2 showroom, Stef vintage store is the largest vintage store in Belgium.<\/p>\n","protected":false},"featured_media":3443,"comment_status":"open","ping_status":"closed","template":"","meta":{"_et_pb_use_builder":"","_et_pb_old_content":"","_et_gb_content_width":""},"yst_prominent_words":[],"yoast_head":"<!-- This site is optimized with the Yoast SEO Premium plugin v14.0.4 - https:\/\/yoast.com\/wordpress\/plugins\/seo\/ -->\n<title>Ancienne pompe essence USA Gulf ( Bowser) - Stef Vintage Store<\/title>\n<meta name=\"description\" content=\"Pour une d\u00e9coration vintage dans votre Bar, loft ou Man Cave avec un style R\u00e9tro, choisissez Stef Vintage store, le sp\u00e9cialiste de la pompe essence ancienne\" \/>\n<meta name=\"robots\" content=\"index, follow\" \/>\n<meta name=\"googlebot\" content=\"index, follow, max-snippet:-1, max-image-preview:large, max-video-preview:-1\" \/>\n<meta name=\"bingbot\" content=\"index, follow, max-snippet:-1, max-image-preview:large, max-video-preview:-1\" \/>\n<link rel=\"canonical\" href=\"https:\/\/stefvintagestore.com\/en\/produit\/gulf-vintage-usa-gas-pump-deco-50s-and-60s\/\" \/>\n<meta property=\"og:locale\" content=\"en_US\" \/>\n<meta property=\"og:type\" content=\"article\" \/>\n<meta property=\"og:title\" content=\"Ancienne pompe essence USA Gulf ( Bowser) - Stef Vintage Store\" \/>\n<meta property=\"og:description\" content=\"Pour une d\u00e9coration vintage dans votre Bar, loft ou Man Cave avec un style R\u00e9tro, choisissez Stef Vintage store, le sp\u00e9cialiste de la pompe essence ancienne\" \/>\n<meta property=\"og:url\" content=\"https:\/\/stefvintagestore.com\/en\/produit\/gulf-vintage-usa-gas-pump-deco-50s-and-60s\/\" \/>\n<meta property=\"og:site_name\" content=\"StefVintageStore\" \/>\n<meta property=\"article:modified_time\" content=\"2020-01-15T10:00:44+00:00\" \/>\n<meta property=\"og:image\" content=\"https:\/\/stefvintagestore.com\/wp-content\/uploads\/2019\/02\/pompe-essence-gulf-bowser.jpg\" \/>\n\t<meta property=\"og:image:width\" content=\"2000\" \/>\n\t<meta property=\"og:image:height\" content=\"2676\" \/>\n<meta name=\"twitter:card\" content=\"summary_large_image\" \/>\n<script type=\"application\/ld+json\" class=\"yoast-schema-graph\">{\"@context\":\"https:\/\/schema.org\",\"@graph\":[{\"@type\":\"WebSite\",\"@id\":\"https:\/\/stefvintagestore.com\/en\/#website\",\"url\":\"https:\/\/stefvintagestore.com\/en\/\",\"name\":\"Stef Vintage Store\",\"description\":\"Votre magasin de d\\u00e9coration vintage en ligne\",\"potentialAction\":[{\"@type\":\"SearchAction\",\"target\":\"https:\/\/stefvintagestore.com\/en\/?s={search_term_string}\",\"query-input\":\"required name=search_term_string\"}],\"inLanguage\":\"en-US\"},{\"@type\":\"ImageObject\",\"@id\":\"https:\/\/stefvintagestore.com\/en\/produit\/gulf-vintage-usa-gas-pump-deco-50s-and-60s\/#primaryimage\",\"inLanguage\":\"en-US\",\"url\":\"https:\/\/stefvintagestore.com\/wp-content\/uploads\/2019\/02\/pompe-essence-gulf-bowser.jpg\",\"width\":2000,\"height\":2676,\"caption\":\"gulf bowser gas pump\"},{\"@type\":\"WebPage\",\"@id\":\"https:\/\/stefvintagestore.com\/en\/produit\/gulf-vintage-usa-gas-pump-deco-50s-and-60s\/#webpage\",\"url\":\"https:\/\/stefvintagestore.com\/en\/produit\/gulf-vintage-usa-gas-pump-deco-50s-and-60s\/\",\"name\":\"Ancienne pompe essence USA Gulf ( Bowser) - Stef Vintage Store\",\"isPartOf\":{\"@id\":\"https:\/\/stefvintagestore.com\/en\/#website\"},\"primaryImageOfPage\":{\"@id\":\"https:\/\/stefvintagestore.com\/en\/produit\/gulf-vintage-usa-gas-pump-deco-50s-and-60s\/#primaryimage\"},\"datePublished\":\"2019-02-24T13:04:16+00:00\",\"dateModified\":\"2020-01-15T10:00:44+00:00\",\"description\":\"Pour une d\\u00e9coration vintage dans votre Bar, loft ou Man Cave avec un style R\\u00e9tro, choisissez Stef Vintage store, le sp\\u00e9cialiste de la pompe essence ancienne\",\"inLanguage\":\"en-US\",\"potentialAction\":[{\"@type\":\"ReadAction\",\"target\":[\"https:\/\/stefvintagestore.com\/en\/produit\/gulf-vintage-usa-gas-pump-deco-50s-and-60s\/\"]}]}]}<\/script>\n<!-- \/ Yoast SEO Premium plugin. -->","_links":{"self":[{"href":"https:\/\/stefvintagestore.com\/en\/wp-json\/wp\/v2\/product\/3454"}],"collection":[{"href":"https:\/\/stefvintagestore.com\/en\/wp-json\/wp\/v2\/product"}],"about":[{"href":"https:\/\/stefvintagestore.com\/en\/wp-json\/wp\/v2\/types\/product"}],"replies":[{"embeddable":true,"href":"https:\/\/stefvintagestore.com\/en\/wp-json\/wp\/v2\/comments?post=3454"}],"wp:featuredmedia":[{"embeddable":true,"href":"https:\/\/stefvintagestore.com\/en\/wp-json\/wp\/v2\/media\/3443"}],"wp:attachment":[{"href":"https:\/\/stefvintagestore.com\/en\/wp-json\/wp\/v2\/media?parent=3454"}],"wp:term":[{"taxonomy":"yst_prominent_words","embeddable":true,"href":"https:\/\/stefvintagestore.com\/en\/wp-json\/wp\/v2\/yst_prominent_words?post=3454"}],"curies":[{"name":"wp","href":"https:\/\/api.w.org\/{rel}","templated":true}]}}