{"id":4098,"date":"2019-03-20T20:15:16","date_gmt":"2019-03-20T20:15:16","guid":{"rendered":"http:\/\/stefvintagestore.com\/produit\/mobilgas-vintage-gas-pump-tokheim-2\/"},"modified":"2019-11-27T23:33:17","modified_gmt":"2019-11-27T23:33:17","slug":"vintage-american-mobilgas-gas-pump","status":"publish","type":"product","link":"https:\/\/stefvintagestore.com\/en\/produit\/vintage-american-mobilgas-gas-pump\/","title":{"rendered":"vintage American Mobilgas gas pump"},"content":{"rendered":"<p>Former American vintage Mobilgas gas pump, manufactured by Tokheim: Decoration USA fifties and sixties.<\/p>\n<p>This vintage petrol pump has been completely refurbished, car body paint, the engine has been removed for odours and weight.<\/p>\n<p>For a decoration in your Bar, Man Cave or House with an American vintage style.<\/p>\n<p>Choose the most beautiful years: 50&#8217;s and 60&#8217;s with our authentic vintage USA antique item.<\/p>\n<p>In-store pickup = Free of charge.<\/p>\n<p>Shipping possible in addition (on Europe pallet).<\/p>\n<p>All my pumps are original and authentic, they are not reproductions!<\/p>\n<p>Stef vintage store: your vintage store in cork, Belgium.<\/p>\n<p>With a 650 m 2 showroom, Stef vintage store is the largest vintage store in Belgium.<\/p>\n","protected":false},"excerpt":{"rendered":"<p>Former American vintage Mobilgas gas pump, manufactured by Tokheim: Decoration USA fifties and sixties.<\/p>\n<p>This vintage petrol pump has been completely refurbished, car body paint, the engine has been removed for odours and weight.<\/p>\n<p>For a decoration in your Bar, Man Cave or House with an American vintage style.<\/p>\n<p>Choose the most beautiful years: 50&#8217;s and 60&#8217;s with our authentic vintage USA antique item.<\/p>\n<p>In-store pickup = Free of charge.<\/p>\n<p>Shipping possible in addition (on Europe pallet).<\/p>\n<p>All my pumps are original and authentic, they are not reproductions!<\/p>\n<p>Stef vintage store: your vintage store in cork, Belgium.<\/p>\n<p>With a 650 m 2 showroom, Stef vintage store is the largest vintage store in Belgium.<\/p>\n","protected":false},"featured_media":3012,"comment_status":"open","ping_status":"closed","template":"","meta":{"_et_pb_use_builder":"","_et_pb_old_content":"","_et_gb_content_width":""},"yst_prominent_words":[],"yoast_head":"<!-- This site is optimized with the Yoast SEO Premium plugin v14.0.4 - https:\/\/yoast.com\/wordpress\/plugins\/seo\/ -->\n<title>vintage American Mobilgas gas pump - StefVintageStore<\/title>\n<meta name=\"description\" content=\"Pour une d\u00e9coration vintage dans votre Bar, loft ou Man Cave avec un style R\u00e9tro, choisissez Stef Vintage store, le sp\u00e9cialiste de la pompe essence ancienne\" \/>\n<meta name=\"robots\" content=\"index, follow\" \/>\n<meta name=\"googlebot\" content=\"index, follow, max-snippet:-1, max-image-preview:large, max-video-preview:-1\" \/>\n<meta name=\"bingbot\" content=\"index, follow, max-snippet:-1, max-image-preview:large, max-video-preview:-1\" \/>\n<link rel=\"canonical\" href=\"https:\/\/stefvintagestore.com\/en\/produit\/vintage-american-mobilgas-gas-pump\/\" \/>\n<meta property=\"og:locale\" content=\"en_US\" \/>\n<meta property=\"og:type\" content=\"article\" \/>\n<meta property=\"og:title\" content=\"vintage American Mobilgas gas pump - StefVintageStore\" \/>\n<meta property=\"og:description\" content=\"Pour une d\u00e9coration vintage dans votre Bar, loft ou Man Cave avec un style R\u00e9tro, choisissez Stef Vintage store, le sp\u00e9cialiste de la pompe essence ancienne\" \/>\n<meta property=\"og:url\" content=\"https:\/\/stefvintagestore.com\/en\/produit\/vintage-american-mobilgas-gas-pump\/\" \/>\n<meta property=\"og:site_name\" content=\"StefVintageStore\" \/>\n<meta property=\"article:modified_time\" content=\"2019-11-27T23:33:17+00:00\" \/>\n<meta property=\"og:image\" content=\"https:\/\/stefvintagestore.com\/wp-content\/uploads\/2018\/11\/Pompe-essence-ancienne-Mobilgas-.jpg\" \/>\n\t<meta property=\"og:image:width\" content=\"2143\" \/>\n\t<meta property=\"og:image:height\" content=\"2838\" \/>\n<meta name=\"twitter:card\" content=\"summary_large_image\" \/>\n<script type=\"application\/ld+json\" class=\"yoast-schema-graph\">{\"@context\":\"https:\/\/schema.org\",\"@graph\":[{\"@type\":\"WebSite\",\"@id\":\"https:\/\/stefvintagestore.com\/en\/#website\",\"url\":\"https:\/\/stefvintagestore.com\/en\/\",\"name\":\"Stef Vintage Store\",\"description\":\"Votre magasin de d\\u00e9coration vintage en ligne\",\"potentialAction\":[{\"@type\":\"SearchAction\",\"target\":\"https:\/\/stefvintagestore.com\/en\/?s={search_term_string}\",\"query-input\":\"required name=search_term_string\"}],\"inLanguage\":\"en-US\"},{\"@type\":\"ImageObject\",\"@id\":\"https:\/\/stefvintagestore.com\/en\/produit\/vintage-american-mobilgas-gas-pump\/#primaryimage\",\"inLanguage\":\"en-US\",\"url\":\"https:\/\/stefvintagestore.com\/wp-content\/uploads\/2018\/11\/Pompe-essence-ancienne-Mobilgas-.jpg\",\"width\":2143,\"height\":2838,\"caption\":\"Mobilgas vintage gas pump (Tokheim)\"},{\"@type\":\"WebPage\",\"@id\":\"https:\/\/stefvintagestore.com\/en\/produit\/vintage-american-mobilgas-gas-pump\/#webpage\",\"url\":\"https:\/\/stefvintagestore.com\/en\/produit\/vintage-american-mobilgas-gas-pump\/\",\"name\":\"vintage American Mobilgas gas pump - StefVintageStore\",\"isPartOf\":{\"@id\":\"https:\/\/stefvintagestore.com\/en\/#website\"},\"primaryImageOfPage\":{\"@id\":\"https:\/\/stefvintagestore.com\/en\/produit\/vintage-american-mobilgas-gas-pump\/#primaryimage\"},\"datePublished\":\"2019-03-20T20:15:16+00:00\",\"dateModified\":\"2019-11-27T23:33:17+00:00\",\"description\":\"Pour une d\\u00e9coration vintage dans votre Bar, loft ou Man Cave avec un style R\\u00e9tro, choisissez Stef Vintage store, le sp\\u00e9cialiste de la pompe essence ancienne\",\"inLanguage\":\"en-US\",\"potentialAction\":[{\"@type\":\"ReadAction\",\"target\":[\"https:\/\/stefvintagestore.com\/en\/produit\/vintage-american-mobilgas-gas-pump\/\"]}]}]}<\/script>\n<!-- \/ Yoast SEO Premium plugin. -->","_links":{"self":[{"href":"https:\/\/stefvintagestore.com\/en\/wp-json\/wp\/v2\/product\/4098"}],"collection":[{"href":"https:\/\/stefvintagestore.com\/en\/wp-json\/wp\/v2\/product"}],"about":[{"href":"https:\/\/stefvintagestore.com\/en\/wp-json\/wp\/v2\/types\/product"}],"replies":[{"embeddable":true,"href":"https:\/\/stefvintagestore.com\/en\/wp-json\/wp\/v2\/comments?post=4098"}],"wp:featuredmedia":[{"embeddable":true,"href":"https:\/\/stefvintagestore.com\/en\/wp-json\/wp\/v2\/media\/3012"}],"wp:attachment":[{"href":"https:\/\/stefvintagestore.com\/en\/wp-json\/wp\/v2\/media?parent=4098"}],"wp:term":[{"taxonomy":"yst_prominent_words","embeddable":true,"href":"https:\/\/stefvintagestore.com\/en\/wp-json\/wp\/v2\/yst_prominent_words?post=4098"}],"curies":[{"name":"wp","href":"https:\/\/api.w.org\/{rel}","templated":true}]}}