{"id":9515,"date":"2021-07-08T21:37:01","date_gmt":"2021-07-08T21:37:01","guid":{"rendered":"https:\/\/stefvintagestore.com\/?post_type=product&#038;p=9515"},"modified":"2026-03-05T14:22:56","modified_gmt":"2026-03-05T14:22:56","slug":"enseigne-neon-las-vegas-nevada-103-x-90cm","status":"publish","type":"product","link":"https:\/\/stefvintagestore.com\/en\/produit\/enseigne-neon-las-vegas-nevada-103-x-90cm\/","title":{"rendered":"Enseigne neon Las Vegas Nevada 103 x 90cm"},"content":{"rendered":"<p>Enseigne neon Las Vegas Nevada<\/p>\n<p>Dimension: 103 x 90cm<br \/>\npeut \u00eatre d\u00e9pos\u00e9 sur un meuble ou accroch\u00e9 au mur.<br \/>\nLes tube n\u00e9on en verre sont souffl\u00e9 a la main, rendu magnifique.\u00a0220 volts<\/p>\n<p>pas d\u2019expedition pour cette enseigne car hors dimension ( expedition possible avec d\u2019autres objets sur euro palettes ) merci de nous contactez avant de passer commande<\/p>\n<p>&nbsp;<\/p>\n","protected":false},"excerpt":{"rendered":"<p>Enseigne neon Las Vegas Nevada<\/p>\n<p>Dimension: 103 x 90cm<br \/>\npeut \u00eatre d\u00e9pos\u00e9 sur un meuble ou accroch\u00e9 au mur.<br \/>\nLes tube n\u00e9on en verre sont souffl\u00e9 a la main, rendu magnifique.\u00a0220 volts<\/p>\n<p>pas d\u2019expedition pour cette enseigne car hors dimension ( expedition possible avec d\u2019autres objets sur euro palettes ) merci de nous contactez avant de passer commande<\/p>\n","protected":false},"featured_media":9527,"comment_status":"open","ping_status":"closed","template":"","meta":{"_et_pb_use_builder":"","_et_pb_old_content":"","_et_gb_content_width":""},"yst_prominent_words":[240,756],"yoast_head":"<!-- This site is optimized with the Yoast SEO Premium plugin v14.0.4 - https:\/\/yoast.com\/wordpress\/plugins\/seo\/ -->\n<title>Enseigne neon Las Vegas Nevada 103 x 90cm - StefVintageStore<\/title>\n<meta name=\"description\" content=\"Enseigne neon Las Vegas Nevada\u00a0Dimension: 103 x 90cmpeut \u00eatre d\u00e9pos\u00e9 sur un meuble ou accroch\u00e9 au mur.Les tube n\u00e9on en verre sont souffl\u00e9 a la main\" \/>\n<meta name=\"robots\" content=\"index, follow\" \/>\n<meta name=\"googlebot\" content=\"index, follow, max-snippet:-1, max-image-preview:large, max-video-preview:-1\" \/>\n<meta name=\"bingbot\" content=\"index, follow, max-snippet:-1, max-image-preview:large, max-video-preview:-1\" \/>\n<link rel=\"canonical\" href=\"https:\/\/stefvintagestore.com\/en\/produit\/enseigne-neon-las-vegas-nevada-103-x-90cm\/\" \/>\n<meta property=\"og:locale\" content=\"en_US\" \/>\n<meta property=\"og:type\" content=\"article\" \/>\n<meta property=\"og:title\" content=\"Enseigne neon Las Vegas Nevada 103 x 90cm - StefVintageStore\" \/>\n<meta property=\"og:description\" content=\"Enseigne neon Las Vegas Nevada\u00a0Dimension: 103 x 90cmpeut \u00eatre d\u00e9pos\u00e9 sur un meuble ou accroch\u00e9 au mur.Les tube n\u00e9on en verre sont souffl\u00e9 a la main\" \/>\n<meta property=\"og:url\" content=\"https:\/\/stefvintagestore.com\/produit\/enseigne-neon-las-vegas-nevada-103-x-90cm\/\" \/>\n<meta property=\"og:site_name\" content=\"StefVintageStore\" \/>\n<meta property=\"article:modified_time\" content=\"2026-03-05T14:22:56+00:00\" \/>\n<meta property=\"og:image\" content=\"https:\/\/stefvintagestore.com\/wp-content\/uploads\/2021\/07\/IMG_2934.jpg\" \/>\n\t<meta property=\"og:image:width\" content=\"2016\" \/>\n\t<meta property=\"og:image:height\" content=\"1512\" \/>\n<meta name=\"twitter:card\" content=\"summary_large_image\" \/>\n<script type=\"application\/ld+json\" class=\"yoast-schema-graph\">{\"@context\":\"https:\/\/schema.org\",\"@graph\":[{\"@type\":\"WebSite\",\"@id\":\"https:\/\/stefvintagestore.com\/en\/#website\",\"url\":\"https:\/\/stefvintagestore.com\/en\/\",\"name\":\"Stef Vintage Store\",\"description\":\"Votre magasin de d\\u00e9coration vintage en ligne\",\"potentialAction\":[{\"@type\":\"SearchAction\",\"target\":\"https:\/\/stefvintagestore.com\/en\/?s={search_term_string}\",\"query-input\":\"required name=search_term_string\"}],\"inLanguage\":\"en-US\"},{\"@type\":\"ImageObject\",\"@id\":\"https:\/\/stefvintagestore.com\/produit\/enseigne-neon-las-vegas-nevada-103-x-90cm\/#primaryimage\",\"inLanguage\":\"en-US\",\"url\":\"https:\/\/stefvintagestore.com\/wp-content\/uploads\/2021\/07\/IMG_2934.jpg\",\"width\":2016,\"height\":1512,\"caption\":\"Enseigne neon Las Vegas Nevada 103 x 90cm\"},{\"@type\":\"WebPage\",\"@id\":\"https:\/\/stefvintagestore.com\/produit\/enseigne-neon-las-vegas-nevada-103-x-90cm\/#webpage\",\"url\":\"https:\/\/stefvintagestore.com\/produit\/enseigne-neon-las-vegas-nevada-103-x-90cm\/\",\"name\":\"Enseigne neon Las Vegas Nevada 103 x 90cm - StefVintageStore\",\"isPartOf\":{\"@id\":\"https:\/\/stefvintagestore.com\/en\/#website\"},\"primaryImageOfPage\":{\"@id\":\"https:\/\/stefvintagestore.com\/produit\/enseigne-neon-las-vegas-nevada-103-x-90cm\/#primaryimage\"},\"datePublished\":\"2021-07-08T21:37:01+00:00\",\"dateModified\":\"2026-03-05T14:22:56+00:00\",\"description\":\"Enseigne neon Las Vegas Nevada\\u00a0Dimension: 103 x 90cmpeut \\u00eatre d\\u00e9pos\\u00e9 sur un meuble ou accroch\\u00e9 au mur.Les tube n\\u00e9on en verre sont souffl\\u00e9 a la main\",\"inLanguage\":\"en-US\",\"potentialAction\":[{\"@type\":\"ReadAction\",\"target\":[\"https:\/\/stefvintagestore.com\/produit\/enseigne-neon-las-vegas-nevada-103-x-90cm\/\"]}]}]}<\/script>\n<!-- \/ Yoast SEO Premium plugin. -->","_links":{"self":[{"href":"https:\/\/stefvintagestore.com\/en\/wp-json\/wp\/v2\/product\/9515"}],"collection":[{"href":"https:\/\/stefvintagestore.com\/en\/wp-json\/wp\/v2\/product"}],"about":[{"href":"https:\/\/stefvintagestore.com\/en\/wp-json\/wp\/v2\/types\/product"}],"replies":[{"embeddable":true,"href":"https:\/\/stefvintagestore.com\/en\/wp-json\/wp\/v2\/comments?post=9515"}],"wp:featuredmedia":[{"embeddable":true,"href":"https:\/\/stefvintagestore.com\/en\/wp-json\/wp\/v2\/media\/9527"}],"wp:attachment":[{"href":"https:\/\/stefvintagestore.com\/en\/wp-json\/wp\/v2\/media?parent=9515"}],"wp:term":[{"taxonomy":"yst_prominent_words","embeddable":true,"href":"https:\/\/stefvintagestore.com\/en\/wp-json\/wp\/v2\/yst_prominent_words?post=9515"}],"curies":[{"name":"wp","href":"https:\/\/api.w.org\/{rel}","templated":true}]}}