{"id":9630,"date":"2021-08-02T21:08:36","date_gmt":"2021-08-02T21:08:36","guid":{"rendered":"https:\/\/stefvintagestore.com\/?post_type=product&#038;p=9630"},"modified":"2026-03-05T14:22:28","modified_gmt":"2026-03-05T14:22:28","slug":"enseigne-neon-wow-pop-art-60-cm","status":"publish","type":"product","link":"https:\/\/stefvintagestore.com\/en\/produit\/enseigne-neon-wow-pop-art-60-cm\/","title":{"rendered":"Enseigne N\u00e9on WOW pop art 60 cm"},"content":{"rendered":"<p>Enseigne N\u00e9on WOW pop art<br \/>\nDimension: 60 cm de diam\u00e8tre.<br \/>\npeut \u00eatre d\u00e9pos\u00e9 sur un meuble ou accroch\u00e9 au mur.<br \/>\nLes tube n\u00e9on en verre sont souffl\u00e9 a la main, rendu magnifique.<\/p>\n","protected":false},"excerpt":{"rendered":"<p>Enseigne N\u00e9on WOW pop art<br \/>\nDimension: 60 cm de diam\u00e8tre.<br \/>\npeut \u00eatre d\u00e9pos\u00e9 sur un meuble ou accroch\u00e9 au mur.<br \/>\nLes tube n\u00e9on en verre sont souffl\u00e9 a la main, rendu magnifique.<\/p>\n","protected":false},"featured_media":9631,"comment_status":"open","ping_status":"closed","template":"","meta":{"_et_pb_use_builder":"","_et_pb_old_content":"","_et_gb_content_width":""},"yst_prominent_words":[237],"yoast_head":"<!-- This site is optimized with the Yoast SEO Premium plugin v14.0.4 - https:\/\/yoast.com\/wordpress\/plugins\/seo\/ -->\n<title>Enseigne N\u00e9on WOW pop art 60 cm - StefVintageStore<\/title>\n<meta name=\"description\" content=\"Enseigne N\u00e9on WOW pop artDimension: 60 cm de diam\u00e8tre.Les tube n\u00e9on en verre sont souffl\u00e9 a la main, rendu magnifique.750m2 de d\u00e9coration am\u00e9ricaine\" \/>\n<meta name=\"robots\" content=\"index, follow\" \/>\n<meta name=\"googlebot\" content=\"index, follow, max-snippet:-1, max-image-preview:large, max-video-preview:-1\" \/>\n<meta name=\"bingbot\" content=\"index, follow, max-snippet:-1, max-image-preview:large, max-video-preview:-1\" \/>\n<link rel=\"canonical\" href=\"https:\/\/stefvintagestore.com\/en\/produit\/enseigne-neon-wow-pop-art-60-cm\/\" \/>\n<meta property=\"og:locale\" content=\"en_US\" \/>\n<meta property=\"og:type\" content=\"article\" \/>\n<meta property=\"og:title\" content=\"Enseigne N\u00e9on WOW pop art 60 cm - StefVintageStore\" \/>\n<meta property=\"og:description\" content=\"Enseigne N\u00e9on WOW pop artDimension: 60 cm de diam\u00e8tre.Les tube n\u00e9on en verre sont souffl\u00e9 a la main, rendu magnifique.750m2 de d\u00e9coration am\u00e9ricaine\" \/>\n<meta property=\"og:url\" content=\"https:\/\/stefvintagestore.com\/produit\/enseigne-neon-wow-pop-art-60-cm\/\" \/>\n<meta property=\"og:site_name\" content=\"StefVintageStore\" \/>\n<meta property=\"article:modified_time\" content=\"2026-03-05T14:22:28+00:00\" \/>\n<meta property=\"og:image\" content=\"https:\/\/stefvintagestore.com\/wp-content\/uploads\/2021\/08\/WOW-ON.jpg\" \/>\n\t<meta property=\"og:image:width\" content=\"1634\" \/>\n\t<meta property=\"og:image:height\" content=\"1634\" \/>\n<meta name=\"twitter:card\" content=\"summary_large_image\" \/>\n<script type=\"application\/ld+json\" class=\"yoast-schema-graph\">{\"@context\":\"https:\/\/schema.org\",\"@graph\":[{\"@type\":\"WebSite\",\"@id\":\"https:\/\/stefvintagestore.com\/en\/#website\",\"url\":\"https:\/\/stefvintagestore.com\/en\/\",\"name\":\"Stef Vintage Store\",\"description\":\"Votre magasin de d\\u00e9coration vintage en ligne\",\"potentialAction\":[{\"@type\":\"SearchAction\",\"target\":\"https:\/\/stefvintagestore.com\/en\/?s={search_term_string}\",\"query-input\":\"required name=search_term_string\"}],\"inLanguage\":\"en-US\"},{\"@type\":\"ImageObject\",\"@id\":\"https:\/\/stefvintagestore.com\/produit\/enseigne-neon-wow-pop-art-60-cm\/#primaryimage\",\"inLanguage\":\"en-US\",\"url\":\"https:\/\/stefvintagestore.com\/wp-content\/uploads\/2021\/08\/WOW-ON.jpg\",\"width\":1634,\"height\":1634,\"caption\":\"Enseigne N\\u00e9on WOW pop art 60 cm\"},{\"@type\":\"WebPage\",\"@id\":\"https:\/\/stefvintagestore.com\/produit\/enseigne-neon-wow-pop-art-60-cm\/#webpage\",\"url\":\"https:\/\/stefvintagestore.com\/produit\/enseigne-neon-wow-pop-art-60-cm\/\",\"name\":\"Enseigne N\\u00e9on WOW pop art 60 cm - StefVintageStore\",\"isPartOf\":{\"@id\":\"https:\/\/stefvintagestore.com\/en\/#website\"},\"primaryImageOfPage\":{\"@id\":\"https:\/\/stefvintagestore.com\/produit\/enseigne-neon-wow-pop-art-60-cm\/#primaryimage\"},\"datePublished\":\"2021-08-02T21:08:36+00:00\",\"dateModified\":\"2026-03-05T14:22:28+00:00\",\"description\":\"Enseigne N\\u00e9on WOW pop artDimension: 60 cm de diam\\u00e8tre.Les tube n\\u00e9on en verre sont souffl\\u00e9 a la main, rendu magnifique.750m2 de d\\u00e9coration am\\u00e9ricaine\",\"inLanguage\":\"en-US\",\"potentialAction\":[{\"@type\":\"ReadAction\",\"target\":[\"https:\/\/stefvintagestore.com\/produit\/enseigne-neon-wow-pop-art-60-cm\/\"]}]}]}<\/script>\n<!-- \/ Yoast SEO Premium plugin. -->","_links":{"self":[{"href":"https:\/\/stefvintagestore.com\/en\/wp-json\/wp\/v2\/product\/9630"}],"collection":[{"href":"https:\/\/stefvintagestore.com\/en\/wp-json\/wp\/v2\/product"}],"about":[{"href":"https:\/\/stefvintagestore.com\/en\/wp-json\/wp\/v2\/types\/product"}],"replies":[{"embeddable":true,"href":"https:\/\/stefvintagestore.com\/en\/wp-json\/wp\/v2\/comments?post=9630"}],"wp:featuredmedia":[{"embeddable":true,"href":"https:\/\/stefvintagestore.com\/en\/wp-json\/wp\/v2\/media\/9631"}],"wp:attachment":[{"href":"https:\/\/stefvintagestore.com\/en\/wp-json\/wp\/v2\/media?parent=9630"}],"wp:term":[{"taxonomy":"yst_prominent_words","embeddable":true,"href":"https:\/\/stefvintagestore.com\/en\/wp-json\/wp\/v2\/yst_prominent_words?post=9630"}],"curies":[{"name":"wp","href":"https:\/\/api.w.org\/{rel}","templated":true}]}}