{"id":9712,"date":"2021-08-06T19:06:56","date_gmt":"2021-08-06T19:06:56","guid":{"rendered":"https:\/\/stefvintagestore.com\/?post_type=product&#038;p=9712"},"modified":"2026-03-05T14:21:33","modified_gmt":"2026-03-05T14:21:33","slug":"enseigne-neon-chevrolet-corvette-70x34cm","status":"publish","type":"product","link":"https:\/\/stefvintagestore.com\/en\/produit\/enseigne-neon-chevrolet-corvette-70x34cm\/","title":{"rendered":"Enseigne n\u00e9on Chevrolet Corvette 70x34cm"},"content":{"rendered":"<p>Enseigne n\u00e9on Chevrolet Corvette.<br \/>\nDimension: 70X34cm.<br \/>\npeut \u00eatre d\u00e9pos\u00e9 sur un meuble ou accroch\u00e9 au mur.<br \/>\nLes transformateurs ont une r\u00e9sistance industrielle.<br \/>\nLes tube n\u00e9on en verre sont souffl\u00e9 a la main, rendu magnifique.<br \/>\nid\u00e9al pour votre d\u00e9co am\u00e9ricaine vintage<\/p>\n<p>&nbsp;<\/p>\n","protected":false},"excerpt":{"rendered":"<p>Enseigne n\u00e9on Chevrolet Corvette.<br \/>\nDimension: 70X34cm.<br \/>\npeut \u00eatre d\u00e9pos\u00e9 sur un meuble ou accroch\u00e9 au mur.<br \/>\nLes transformateurs ont une r\u00e9sistance industrielle.<br \/>\nLes tube n\u00e9on en verre sont souffl\u00e9 a la main, rendu magnifique.<br \/>\nid\u00e9al pour votre d\u00e9co am\u00e9ricaine vintage<\/p>\n<p>&nbsp;<\/p>\n","protected":false},"featured_media":9719,"comment_status":"open","ping_status":"closed","template":"","meta":{"_et_pb_use_builder":"","_et_pb_old_content":"","_et_gb_content_width":""},"yst_prominent_words":[237],"yoast_head":"<!-- This site is optimized with the Yoast SEO Premium plugin v14.0.4 - https:\/\/yoast.com\/wordpress\/plugins\/seo\/ -->\n<title>Enseigne n\u00e9on Chevrolet Corvette 70x34cm - StefVintageStore<\/title>\n<meta name=\"description\" content=\"Enseigne n\u00e9on Chevrolet Corvette 70X34cm.Les tube n\u00e9on en verre sont souffl\u00e9 a la main, rendu magnifique. id\u00e9al pour votre d\u00e9co am\u00e9ricaine vintage\" \/>\n<meta name=\"robots\" content=\"index, follow\" \/>\n<meta name=\"googlebot\" content=\"index, follow, max-snippet:-1, max-image-preview:large, max-video-preview:-1\" \/>\n<meta name=\"bingbot\" content=\"index, follow, max-snippet:-1, max-image-preview:large, max-video-preview:-1\" \/>\n<link rel=\"canonical\" href=\"https:\/\/stefvintagestore.com\/en\/produit\/enseigne-neon-chevrolet-corvette-70x34cm\/\" \/>\n<meta property=\"og:locale\" content=\"en_US\" \/>\n<meta property=\"og:type\" content=\"article\" \/>\n<meta property=\"og:title\" content=\"Enseigne n\u00e9on Chevrolet Corvette 70x34cm - StefVintageStore\" \/>\n<meta property=\"og:description\" content=\"Enseigne n\u00e9on Chevrolet Corvette 70X34cm.Les tube n\u00e9on en verre sont souffl\u00e9 a la main, rendu magnifique. id\u00e9al pour votre d\u00e9co am\u00e9ricaine vintage\" \/>\n<meta property=\"og:url\" content=\"https:\/\/stefvintagestore.com\/produit\/enseigne-neon-chevrolet-corvette-70x34cm\/\" \/>\n<meta property=\"og:site_name\" content=\"StefVintageStore\" \/>\n<meta property=\"article:modified_time\" content=\"2026-03-05T14:21:33+00:00\" \/>\n<meta property=\"og:image\" content=\"https:\/\/stefvintagestore.com\/wp-content\/uploads\/2021\/08\/IMG_3245.jpg\" \/>\n\t<meta property=\"og:image:width\" content=\"2370\" \/>\n\t<meta property=\"og:image:height\" content=\"1752\" \/>\n<meta name=\"twitter:card\" content=\"summary_large_image\" \/>\n<script type=\"application\/ld+json\" class=\"yoast-schema-graph\">{\"@context\":\"https:\/\/schema.org\",\"@graph\":[{\"@type\":\"WebSite\",\"@id\":\"https:\/\/stefvintagestore.com\/en\/#website\",\"url\":\"https:\/\/stefvintagestore.com\/en\/\",\"name\":\"Stef Vintage Store\",\"description\":\"Votre magasin de d\\u00e9coration vintage en ligne\",\"potentialAction\":[{\"@type\":\"SearchAction\",\"target\":\"https:\/\/stefvintagestore.com\/en\/?s={search_term_string}\",\"query-input\":\"required name=search_term_string\"}],\"inLanguage\":\"en-US\"},{\"@type\":\"ImageObject\",\"@id\":\"https:\/\/stefvintagestore.com\/produit\/enseigne-neon-chevrolet-corvette-70x34cm\/#primaryimage\",\"inLanguage\":\"en-US\",\"url\":\"https:\/\/stefvintagestore.com\/wp-content\/uploads\/2021\/08\/IMG_3245.jpg\",\"width\":2370,\"height\":1752,\"caption\":\"Enseigne n\\u00e9on Chevrolet Corvette 70x34cm\"},{\"@type\":\"WebPage\",\"@id\":\"https:\/\/stefvintagestore.com\/produit\/enseigne-neon-chevrolet-corvette-70x34cm\/#webpage\",\"url\":\"https:\/\/stefvintagestore.com\/produit\/enseigne-neon-chevrolet-corvette-70x34cm\/\",\"name\":\"Enseigne n\\u00e9on Chevrolet Corvette 70x34cm - StefVintageStore\",\"isPartOf\":{\"@id\":\"https:\/\/stefvintagestore.com\/en\/#website\"},\"primaryImageOfPage\":{\"@id\":\"https:\/\/stefvintagestore.com\/produit\/enseigne-neon-chevrolet-corvette-70x34cm\/#primaryimage\"},\"datePublished\":\"2021-08-06T19:06:56+00:00\",\"dateModified\":\"2026-03-05T14:21:33+00:00\",\"description\":\"Enseigne n\\u00e9on Chevrolet Corvette 70X34cm.Les tube n\\u00e9on en verre sont souffl\\u00e9 a la main, rendu magnifique. id\\u00e9al pour votre d\\u00e9co am\\u00e9ricaine vintage\",\"inLanguage\":\"en-US\",\"potentialAction\":[{\"@type\":\"ReadAction\",\"target\":[\"https:\/\/stefvintagestore.com\/produit\/enseigne-neon-chevrolet-corvette-70x34cm\/\"]}]}]}<\/script>\n<!-- \/ Yoast SEO Premium plugin. -->","_links":{"self":[{"href":"https:\/\/stefvintagestore.com\/en\/wp-json\/wp\/v2\/product\/9712"}],"collection":[{"href":"https:\/\/stefvintagestore.com\/en\/wp-json\/wp\/v2\/product"}],"about":[{"href":"https:\/\/stefvintagestore.com\/en\/wp-json\/wp\/v2\/types\/product"}],"replies":[{"embeddable":true,"href":"https:\/\/stefvintagestore.com\/en\/wp-json\/wp\/v2\/comments?post=9712"}],"wp:featuredmedia":[{"embeddable":true,"href":"https:\/\/stefvintagestore.com\/en\/wp-json\/wp\/v2\/media\/9719"}],"wp:attachment":[{"href":"https:\/\/stefvintagestore.com\/en\/wp-json\/wp\/v2\/media?parent=9712"}],"wp:term":[{"taxonomy":"yst_prominent_words","embeddable":true,"href":"https:\/\/stefvintagestore.com\/en\/wp-json\/wp\/v2\/yst_prominent_words?post=9712"}],"curies":[{"name":"wp","href":"https:\/\/api.w.org\/{rel}","templated":true}]}}